{"id":5433,"date":"2024-07-29T14:25:50","date_gmt":"2024-07-29T12:25:50","guid":{"rendered":"https:\/\/lnstrade.fr\/termes\/"},"modified":"2024-11-05T15:37:27","modified_gmt":"2024-11-05T14:37:27","slug":"termes","status":"publish","type":"page","link":"https:\/\/lnstrade.fr\/it\/termes\/","title":{"rendered":"Termes"},"content":{"rendered":"\t\t<div data-elementor-type=\"wp-page\" data-elementor-id=\"5433\" class=\"elementor elementor-5433 elementor-542\" data-elementor-settings=\"{&quot;element_pack_global_tooltip_width&quot;:{&quot;unit&quot;:&quot;px&quot;,&quot;size&quot;:&quot;&quot;,&quot;sizes&quot;:[]},&quot;element_pack_global_tooltip_width_tablet&quot;:{&quot;unit&quot;:&quot;px&quot;,&quot;size&quot;:&quot;&quot;,&quot;sizes&quot;:[]},&quot;element_pack_global_tooltip_width_mobile&quot;:{&quot;unit&quot;:&quot;px&quot;,&quot;size&quot;:&quot;&quot;,&quot;sizes&quot;:[]},&quot;element_pack_global_tooltip_padding&quot;:{&quot;unit&quot;:&quot;px&quot;,&quot;top&quot;:&quot;&quot;,&quot;right&quot;:&quot;&quot;,&quot;bottom&quot;:&quot;&quot;,&quot;left&quot;:&quot;&quot;,&quot;isLinked&quot;:true},&quot;element_pack_global_tooltip_padding_tablet&quot;:{&quot;unit&quot;:&quot;px&quot;,&quot;top&quot;:&quot;&quot;,&quot;right&quot;:&quot;&quot;,&quot;bottom&quot;:&quot;&quot;,&quot;left&quot;:&quot;&quot;,&quot;isLinked&quot;:true},&quot;element_pack_global_tooltip_padding_mobile&quot;:{&quot;unit&quot;:&quot;px&quot;,&quot;top&quot;:&quot;&quot;,&quot;right&quot;:&quot;&quot;,&quot;bottom&quot;:&quot;&quot;,&quot;left&quot;:&quot;&quot;,&quot;isLinked&quot;:true},&quot;element_pack_global_tooltip_border_radius&quot;:{&quot;unit&quot;:&quot;px&quot;,&quot;top&quot;:&quot;&quot;,&quot;right&quot;:&quot;&quot;,&quot;bottom&quot;:&quot;&quot;,&quot;left&quot;:&quot;&quot;,&quot;isLinked&quot;:true},&quot;element_pack_global_tooltip_border_radius_tablet&quot;:{&quot;unit&quot;:&quot;px&quot;,&quot;top&quot;:&quot;&quot;,&quot;right&quot;:&quot;&quot;,&quot;bottom&quot;:&quot;&quot;,&quot;left&quot;:&quot;&quot;,&quot;isLinked&quot;:true},&quot;element_pack_global_tooltip_border_radius_mobile&quot;:{&quot;unit&quot;:&quot;px&quot;,&quot;top&quot;:&quot;&quot;,&quot;right&quot;:&quot;&quot;,&quot;bottom&quot;:&quot;&quot;,&quot;left&quot;:&quot;&quot;,&quot;isLinked&quot;:true}}\" data-elementor-post-type=\"page\">\n\t\t\t\t<div class=\"elementor-element elementor-element-0c1e2ed e-flex e-con-boxed e-con e-parent\" data-id=\"0c1e2ed\" data-element_type=\"container\">\n\t\t\t\t\t<div class=\"e-con-inner\">\n\t\t<div class=\"elementor-element elementor-element-22a5207 e-con-full e-flex e-con e-child\" data-id=\"22a5207\" data-element_type=\"container\">\n\t\t\t\t<div class=\"elementor-element elementor-element-14cd3a7 elementor-widget elementor-widget-heading\" data-id=\"14cd3a7\" data-element_type=\"widget\" data-widget_type=\"heading.default\">\n\t\t\t\t<div class=\"elementor-widget-container\">\n\t\t\t\t\t<h2 class=\"elementor-heading-title elementor-size-default\">Termini e condizioni di LNS TRADE.fr<\/h2>\t\t\t\t<\/div>\n\t\t\t\t<\/div>\n\t\t\t\t<div class=\"elementor-element elementor-element-59b3555 elementor-widget elementor-widget-text-editor\" data-id=\"59b3555\" data-element_type=\"widget\" data-widget_type=\"text-editor.default\">\n\t\t\t\t<div class=\"elementor-widget-container\">\n\t\t\t\t\t\t\t\t\t<p>Last updated: 05 april 2024<\/p>\n<p>Benvenuto su LNS TRADE.fr.<br \/>\nSe continui a navigare e a utilizzare questo sito web, accetti di rispettare e di essere vincolato dai seguenti termini e condizioni d&#8217;uso, che insieme alla nostra politica sulla privacy regolano il rapporto di LNS TRADE.fr con te in relazione a questo sito web. <\/p>\n\t\t\t\t\t\t\t\t<\/div>\n\t\t\t\t<\/div>\n\t\t\t\t<div class=\"elementor-element elementor-element-6beacb2 elementor-widget elementor-widget-heading\" data-id=\"6beacb2\" data-element_type=\"widget\" data-widget_type=\"heading.default\">\n\t\t\t\t<div class=\"elementor-widget-container\">\n\t\t\t\t\t<h3 class=\"elementor-heading-title elementor-size-default\">Utilizzo del sito web<\/h3>\t\t\t\t<\/div>\n\t\t\t\t<\/div>\n\t\t\t\t<div class=\"elementor-element elementor-element-7a15e5c elementor-widget elementor-widget-text-editor\" data-id=\"7a15e5c\" data-element_type=\"widget\" data-widget_type=\"text-editor.default\">\n\t\t\t\t<div class=\"elementor-widget-container\">\n\t\t\t\t\t\t\t\t\t<ul>\n<li>Questo sito web \u00e8 soggetto ai seguenti termini di utilizzo:<\/li>\n<li>Il contenuto delle pagine di questo sito web \u00e8 destinato esclusivamente all&#8217;uso e all&#8217;informazione generale.<br \/>\n\u00c8 soggetto a modifiche senza preavviso. <\/li>\n<li>N\u00e9 noi n\u00e9 terzi forniamo alcuna garanzia sull&#8217;accuratezza, la tempestivit\u00e0, le prestazioni, la completezza o l&#8217;idoneit\u00e0 delle informazioni e dei materiali trovati o offerti su questo sito web per qualsiasi scopo particolare.<\/li>\n<li>L&#8217;utilizzo da parte dell&#8217;utente di qualsiasi informazione o materiale presente su questo sito web \u00e8 interamente a suo rischio e pericolo, per il quale non saremo responsabili.<br \/>\nSar\u00e0 tua responsabilit\u00e0 assicurarti che i prodotti, i servizi o le informazioni disponibili attraverso questo sito web soddisfino le tue specifiche esigenze. <\/li>\n<\/ul>\n\t\t\t\t\t\t\t\t<\/div>\n\t\t\t\t<\/div>\n\t\t\t\t<div class=\"elementor-element elementor-element-0f39ad2 elementor-widget elementor-widget-heading\" data-id=\"0f39ad2\" data-element_type=\"widget\" data-widget_type=\"heading.default\">\n\t\t\t\t<div class=\"elementor-widget-container\">\n\t\t\t\t\t<h3 class=\"elementor-heading-title elementor-size-default\">Copyright<\/h3>\t\t\t\t<\/div>\n\t\t\t\t<\/div>\n\t\t\t\t<div class=\"elementor-element elementor-element-ab82cfa elementor-widget elementor-widget-text-editor\" data-id=\"ab82cfa\" data-element_type=\"widget\" data-widget_type=\"text-editor.default\">\n\t\t\t\t<div class=\"elementor-widget-container\">\n\t\t\t\t\t\t\t\t\t<p>Il design, il layout, l&#8217;aspetto e la grafica del sito web sono protetti dalle leggi sul copyright.<br \/>\nLa riproduzione \u00e8 vietata se non in conformit\u00e0 con la nota sul copyright. <\/p>\n\t\t\t\t\t\t\t\t<\/div>\n\t\t\t\t<\/div>\n\t\t\t\t<div class=\"elementor-element elementor-element-13c43b5 elementor-widget elementor-widget-heading\" data-id=\"13c43b5\" data-element_type=\"widget\" data-widget_type=\"heading.default\">\n\t\t\t\t<div class=\"elementor-widget-container\">\n\t\t\t\t\t<h3 class=\"elementor-heading-title elementor-size-default\">Marchi di fabbrica<\/h3>\t\t\t\t<\/div>\n\t\t\t\t<\/div>\n\t\t\t\t<div class=\"elementor-element elementor-element-4025a31 elementor-widget elementor-widget-text-editor\" data-id=\"4025a31\" data-element_type=\"widget\" data-widget_type=\"text-editor.default\">\n\t\t\t\t<div class=\"elementor-widget-container\">\n\t\t\t\t\t\t\t\t\t<p>I marchi, i loghi e i marchi di servizio presenti sul sito web sono di propriet\u00e0 di LNS TRADE.fr o di altre terze parti.<br \/>\nGli utenti non sono autorizzati a utilizzare tali marchi senza il previo consenso scritto di LNS TRADE.fr o della terza parte proprietaria del marchio. <\/p>\n\t\t\t\t\t\t\t\t<\/div>\n\t\t\t\t<\/div>\n\t\t\t\t<div class=\"elementor-element elementor-element-7a7c673 elementor-widget elementor-widget-heading\" data-id=\"7a7c673\" data-element_type=\"widget\" data-widget_type=\"heading.default\">\n\t\t\t\t<div class=\"elementor-widget-container\">\n\t\t\t\t\t<h3 class=\"elementor-heading-title elementor-size-default\">Modifiche ai Termini e Condizioni<\/h3>\t\t\t\t<\/div>\n\t\t\t\t<\/div>\n\t\t\t\t<div class=\"elementor-element elementor-element-8d848df elementor-widget elementor-widget-text-editor\" data-id=\"8d848df\" data-element_type=\"widget\" data-widget_type=\"text-editor.default\">\n\t\t\t\t<div class=\"elementor-widget-container\">\n\t\t\t\t\t\t\t\t\t<p>Ci riserviamo il diritto di apportare modifiche ai presenti termini e condizioni in qualsiasi momento.<br \/>\nL&#8217;uso continuato del sito da parte dell&#8217;utente dopo la pubblicazione di eventuali modifiche sar\u00e0 considerato come accettazione di tali modifiche. <\/p>\n\t\t\t\t\t\t\t\t<\/div>\n\t\t\t\t<\/div>\n\t\t\t\t<div class=\"elementor-element elementor-element-9277225 elementor-widget elementor-widget-heading\" data-id=\"9277225\" data-element_type=\"widget\" data-widget_type=\"heading.default\">\n\t\t\t\t<div class=\"elementor-widget-container\">\n\t\t\t\t\t<h3 class=\"elementor-heading-title elementor-size-default\">Legge applicabile<\/h3>\t\t\t\t<\/div>\n\t\t\t\t<\/div>\n\t\t\t\t<div class=\"elementor-element elementor-element-a10632a elementor-widget elementor-widget-text-editor\" data-id=\"a10632a\" data-element_type=\"widget\" data-widget_type=\"text-editor.default\">\n\t\t\t\t<div class=\"elementor-widget-container\">\n\t\t\t\t\t\t\t\t\t<p>I presenti termini e condizioni sono disciplinati e interpretati in conformit\u00e0 alle leggi francesi e l&#8217;utente si sottopone irrevocabilmente alla giurisdizione esclusiva dei tribunali di tale Stato o localit\u00e0.<\/p>\n\t\t\t\t\t\t\t\t<\/div>\n\t\t\t\t<\/div>\n\t\t\t\t<div class=\"elementor-element elementor-element-2e4d5f2 elementor-widget elementor-widget-heading\" data-id=\"2e4d5f2\" data-element_type=\"widget\" data-widget_type=\"heading.default\">\n\t\t\t\t<div class=\"elementor-widget-container\">\n\t\t\t\t\t<h3 class=\"elementor-heading-title elementor-size-default\">Contattaci<\/h3>\t\t\t\t<\/div>\n\t\t\t\t<\/div>\n\t\t\t\t<div class=\"elementor-element elementor-element-b0f19c3 elementor-widget elementor-widget-text-editor\" data-id=\"b0f19c3\" data-element_type=\"widget\" data-widget_type=\"text-editor.default\">\n\t\t\t\t<div class=\"elementor-widget-container\">\n\t\t\t\t\t\t\t\t\t<p>In caso di domande su questi Termini e Condizioni, ti preghiamo di contattarci all&#8217;indirizzo: info@lsntrade.fr<\/p>\n\t\t\t\t\t\t\t\t<\/div>\n\t\t\t\t<\/div>\n\t\t\t\t<\/div>\n\t\t\t\t\t<\/div>\n\t\t\t\t<\/div>\n\t\t\t\t<\/div>\n\t\t","protected":false},"excerpt":{"rendered":"<p>Termini e condizioni di LNS TRADE.fr Last updated: 05 april 2024 Benvenuto su LNS TRADE.fr. Se continui a navigare e a utilizzare [&hellip;]<\/p>\n","protected":false},"author":1,"featured_media":0,"parent":0,"menu_order":0,"comment_status":"closed","ping_status":"closed","template":"","meta":{"content-type":"","footnotes":""},"class_list":["post-5433","page","type-page","status-publish","hentry"],"_links":{"self":[{"href":"https:\/\/lnstrade.fr\/it\/wp-json\/wp\/v2\/pages\/5433","targetHints":{"allow":["GET"]}}],"collection":[{"href":"https:\/\/lnstrade.fr\/it\/wp-json\/wp\/v2\/pages"}],"about":[{"href":"https:\/\/lnstrade.fr\/it\/wp-json\/wp\/v2\/types\/page"}],"author":[{"embeddable":true,"href":"https:\/\/lnstrade.fr\/it\/wp-json\/wp\/v2\/users\/1"}],"replies":[{"embeddable":true,"href":"https:\/\/lnstrade.fr\/it\/wp-json\/wp\/v2\/comments?post=5433"}],"version-history":[{"count":1,"href":"https:\/\/lnstrade.fr\/it\/wp-json\/wp\/v2\/pages\/5433\/revisions"}],"predecessor-version":[{"id":5434,"href":"https:\/\/lnstrade.fr\/it\/wp-json\/wp\/v2\/pages\/5433\/revisions\/5434"}],"wp:attachment":[{"href":"https:\/\/lnstrade.fr\/it\/wp-json\/wp\/v2\/media?parent=5433"}],"curies":[{"name":"wp","href":"https:\/\/api.w.org\/{rel}","templated":true}]}}