{"id":4776,"date":"2024-07-29T16:44:45","date_gmt":"2024-07-29T14:44:45","guid":{"rendered":"https:\/\/lnstrade.fr\/politique-en-matiere-de-cookies\/"},"modified":"2025-10-01T15:08:41","modified_gmt":"2025-10-01T13:08:41","slug":"politique-en-matiere-de-cookies","status":"publish","type":"page","link":"https:\/\/lnstrade.fr\/fr\/politique-en-matiere-de-cookies\/","title":{"rendered":"Politique en mati\u00e8re de cookies"},"content":{"rendered":"\t\t<div data-elementor-type=\"wp-page\" data-elementor-id=\"4776\" class=\"elementor elementor-4776 elementor-726\" data-elementor-settings=\"{&quot;element_pack_global_tooltip_width&quot;:{&quot;unit&quot;:&quot;px&quot;,&quot;size&quot;:&quot;&quot;,&quot;sizes&quot;:[]},&quot;element_pack_global_tooltip_width_tablet&quot;:{&quot;unit&quot;:&quot;px&quot;,&quot;size&quot;:&quot;&quot;,&quot;sizes&quot;:[]},&quot;element_pack_global_tooltip_width_mobile&quot;:{&quot;unit&quot;:&quot;px&quot;,&quot;size&quot;:&quot;&quot;,&quot;sizes&quot;:[]},&quot;element_pack_global_tooltip_padding&quot;:{&quot;unit&quot;:&quot;px&quot;,&quot;top&quot;:&quot;&quot;,&quot;right&quot;:&quot;&quot;,&quot;bottom&quot;:&quot;&quot;,&quot;left&quot;:&quot;&quot;,&quot;isLinked&quot;:true},&quot;element_pack_global_tooltip_padding_tablet&quot;:{&quot;unit&quot;:&quot;px&quot;,&quot;top&quot;:&quot;&quot;,&quot;right&quot;:&quot;&quot;,&quot;bottom&quot;:&quot;&quot;,&quot;left&quot;:&quot;&quot;,&quot;isLinked&quot;:true},&quot;element_pack_global_tooltip_padding_mobile&quot;:{&quot;unit&quot;:&quot;px&quot;,&quot;top&quot;:&quot;&quot;,&quot;right&quot;:&quot;&quot;,&quot;bottom&quot;:&quot;&quot;,&quot;left&quot;:&quot;&quot;,&quot;isLinked&quot;:true},&quot;element_pack_global_tooltip_border_radius&quot;:{&quot;unit&quot;:&quot;px&quot;,&quot;top&quot;:&quot;&quot;,&quot;right&quot;:&quot;&quot;,&quot;bottom&quot;:&quot;&quot;,&quot;left&quot;:&quot;&quot;,&quot;isLinked&quot;:true},&quot;element_pack_global_tooltip_border_radius_tablet&quot;:{&quot;unit&quot;:&quot;px&quot;,&quot;top&quot;:&quot;&quot;,&quot;right&quot;:&quot;&quot;,&quot;bottom&quot;:&quot;&quot;,&quot;left&quot;:&quot;&quot;,&quot;isLinked&quot;:true},&quot;element_pack_global_tooltip_border_radius_mobile&quot;:{&quot;unit&quot;:&quot;px&quot;,&quot;top&quot;:&quot;&quot;,&quot;right&quot;:&quot;&quot;,&quot;bottom&quot;:&quot;&quot;,&quot;left&quot;:&quot;&quot;,&quot;isLinked&quot;:true}}\" data-elementor-post-type=\"page\">\n\t\t\t\t<div class=\"elementor-element elementor-element-0174ceb e-flex e-con-boxed e-con e-parent\" data-id=\"0174ceb\" data-element_type=\"container\">\n\t\t\t\t\t<div class=\"e-con-inner\">\n\t\t\t\t<div class=\"elementor-element elementor-element-6ef2c12 elementor-widget elementor-widget-heading\" data-id=\"6ef2c12\" data-element_type=\"widget\" data-widget_type=\"heading.default\">\n\t\t\t\t<div class=\"elementor-widget-container\">\n\t\t\t\t\t<h2 class=\"elementor-heading-title elementor-size-default\">  Politique en mati\u00e8re de cookies pour LNS TRADE.fr<\/h2>\t\t\t\t<\/div>\n\t\t\t\t<\/div>\n\t\t\t\t<div class=\"elementor-element elementor-element-160a959 elementor-widget elementor-widget-text-editor\" data-id=\"160a959\" data-element_type=\"widget\" data-widget_type=\"text-editor.default\">\n\t\t\t\t<div class=\"elementor-widget-container\">\n\t\t\t\t\t\t\t\t\t<p>Derni\u00e8re mise \u00e0 jour : 05 avril 2024<\/p><p>La pr\u00e9sente politique en mati\u00e8re de cookies explique comment LNS TRADE.fr (\u00ab\u00a0nous\u00a0\u00bb, \u00ab\u00a0notre\u00a0\u00bb et \u00ab\u00a0nos\u00a0\u00bb) utilise des cookies et des technologies similaires pour vous reconna\u00eetre lorsque vous visitez notre site Web \u00e0 LNS TRADE.fr (\u00ab\u00a0site Web\u00a0\u00bb).<br \/>Elle explique ce que sont ces technologies et pourquoi nous les utilisons, ainsi que les droits dont vous disposez pour contr\u00f4ler l&rsquo;utilisation que nous en faisons.<\/p>\t\t\t\t\t\t\t\t<\/div>\n\t\t\t\t<\/div>\n\t\t\t\t\t<\/div>\n\t\t\t\t<\/div>\n\t\t<div class=\"elementor-element elementor-element-f5e03e7 e-flex e-con-boxed e-con e-parent\" data-id=\"f5e03e7\" data-element_type=\"container\">\n\t\t\t\t\t<div class=\"e-con-inner\">\n\t\t\t\t<div class=\"elementor-element elementor-element-27e4a0e elementor-widget elementor-widget-heading\" data-id=\"27e4a0e\" data-element_type=\"widget\" data-widget_type=\"heading.default\">\n\t\t\t\t<div class=\"elementor-widget-container\">\n\t\t\t\t\t<h3 class=\"elementor-heading-title elementor-size-default\">Qu'est-ce qu'un biscuit ?<\/h3>\t\t\t\t<\/div>\n\t\t\t\t<\/div>\n\t\t\t\t<div class=\"elementor-element elementor-element-395985d elementor-widget elementor-widget-text-editor\" data-id=\"395985d\" data-element_type=\"widget\" data-widget_type=\"text-editor.default\">\n\t\t\t\t<div class=\"elementor-widget-container\">\n\t\t\t\t\t\t\t\t\t<ul>\n<li>\n<p>Les cookies sont de petits fichiers de donn\u00e9es qui sont plac\u00e9s sur votre ordinateur ou votre appareil mobile lorsque vous visitez un site web.<br \/>\nLes cookies sont largement utilis\u00e9s par les propri\u00e9taires de sites web pour faire fonctionner leurs sites, ou les faire fonctionner plus efficacement, ainsi que pour fournir des informations de rapport. <\/p>\n<p>Les cookies mis en place par le propri\u00e9taire du site web (dans ce cas, LNS TRADE.fr) sont appel\u00e9s \u00ab\u00a0cookies de premi\u00e8re partie\u00a0\u00bb.<br \/>\nLes cookies mis en place par des parties autres que le propri\u00e9taire du site web sont appel\u00e9s \u00ab\u00a0cookies de tierce partie\u00a0\u00bb.<br \/>\nLes cookies de tiers permettent de fournir des caract\u00e9ristiques ou des fonctionnalit\u00e9s de tiers sur ou via le site web (par exemple, la publicit\u00e9, le contenu interactif et l&rsquo;analyse).<br \/>\nLes parties qui d\u00e9finissent ces cookies de tiers peuvent reconna\u00eetre votre ordinateur lorsqu&rsquo;il visite le site web en question et \u00e9galement lorsqu&rsquo;il visite certains autres sites web.   <\/p>\n<\/li>\n<\/ul>\n\t\t\t\t\t\t\t\t<\/div>\n\t\t\t\t<\/div>\n\t\t\t\t\t<\/div>\n\t\t\t\t<\/div>\n\t\t<div class=\"elementor-element elementor-element-4b80842 e-flex e-con-boxed e-con e-parent\" data-id=\"4b80842\" data-element_type=\"container\">\n\t\t\t\t\t<div class=\"e-con-inner\">\n\t\t\t\t<div class=\"elementor-element elementor-element-14ff345 elementor-widget elementor-widget-heading\" data-id=\"14ff345\" data-element_type=\"widget\" data-widget_type=\"heading.default\">\n\t\t\t\t<div class=\"elementor-widget-container\">\n\t\t\t\t\t<h3 class=\"elementor-heading-title elementor-size-default\">Pourquoi utilisons-nous des cookies ?<\/h3>\t\t\t\t<\/div>\n\t\t\t\t<\/div>\n\t\t\t\t<div class=\"elementor-element elementor-element-2fbd32e elementor-widget elementor-widget-text-editor\" data-id=\"2fbd32e\" data-element_type=\"widget\" data-widget_type=\"text-editor.default\">\n\t\t\t\t<div class=\"elementor-widget-container\">\n\t\t\t\t\t\t\t\t\t<p>Nous utilisons des cookies de premi\u00e8re et de tierce parties pour plusieurs raisons.<br \/>\nCertains cookies sont n\u00e9cessaires pour des raisons techniques au fonctionnement de notre site web, et nous les appelons cookies \u00ab\u00a0essentiels\u00a0\u00bb ou \u00ab\u00a0strictement n\u00e9cessaires\u00a0\u00bb.<br \/>\nD&rsquo;autres cookies nous permettent \u00e9galement de suivre et de cibler les int\u00e9r\u00eats de nos utilisateurs afin d&rsquo;am\u00e9liorer leur exp\u00e9rience sur notre site web.<br \/>\nDes tiers utilisent des cookies sur notre site web \u00e0 des fins de publicit\u00e9, d&rsquo;analyse et autres.   <\/p>\n\t\t\t\t\t\t\t\t<\/div>\n\t\t\t\t<\/div>\n\t\t\t\t\t<\/div>\n\t\t\t\t<\/div>\n\t\t<div class=\"elementor-element elementor-element-8fba510 e-flex e-con-boxed e-con e-parent\" data-id=\"8fba510\" data-element_type=\"container\">\n\t\t\t\t\t<div class=\"e-con-inner\">\n\t\t\t\t<div class=\"elementor-element elementor-element-155e4e1 elementor-widget elementor-widget-heading\" data-id=\"155e4e1\" data-element_type=\"widget\" data-widget_type=\"heading.default\">\n\t\t\t\t<div class=\"elementor-widget-container\">\n\t\t\t\t\t<h3 class=\"elementor-heading-title elementor-size-default\">Quels types de cookies utilisons-nous ?  <\/h3>\t\t\t\t<\/div>\n\t\t\t\t<\/div>\n\t\t\t\t<div class=\"elementor-element elementor-element-b4508e5 elementor-widget elementor-widget-text-editor\" data-id=\"b4508e5\" data-element_type=\"widget\" data-widget_type=\"text-editor.default\">\n\t\t\t\t<div class=\"elementor-widget-container\">\n\t\t\t\t\t\t\t\t\t<ul>\n<li>\n<p><strong>Cookies essentiels du site web :<\/strong> Ces cookies sont strictement n\u00e9cessaires pour vous fournir les services disponibles sur notre site web et pour utiliser certaines de ses fonctionnalit\u00e9s, telles que l&rsquo;acc\u00e8s \u00e0 des zones s\u00e9curis\u00e9es.<\/p>\n<\/li>\n<li>\n<p><strong>Cookies analytiques\/de performance :<\/strong> Ils nous permettent de reconna\u00eetre et de compter le nombre de visiteurs et de voir comment les visiteurs se d\u00e9placent sur notre site web lorsqu&rsquo;ils l&rsquo;utilisent.<br \/>\nCela nous aide \u00e0 am\u00e9liorer le fonctionnement de notre site web, par exemple en veillant \u00e0 ce que les utilisateurs trouvent facilement ce qu&rsquo;ils cherchent. <\/p>\n<\/li>\n<li>\n<p><strong>Cookies de fonctionnalit\u00e9 :<\/strong> Ils sont utilis\u00e9s pour vous reconna\u00eetre lorsque vous revenez sur notre site web.<br \/>\nCela nous permet de personnaliser notre contenu, de vous accueillir par votre nom et de m\u00e9moriser vos pr\u00e9f\u00e9rences. <\/p>\n<\/li>\n<li>\n<p><strong>Cookies de ciblage :<\/strong> Ces cookies enregistrent votre visite sur notre site web, les pages que vous avez consult\u00e9es et les liens que vous avez suivis.<br \/>\nNous utiliserons ces informations pour rendre notre site web et la publicit\u00e9 qui y est affich\u00e9e plus pertinents par rapport \u00e0 vos int\u00e9r\u00eats. <\/p>\n<\/li>\n<\/ul>\n\t\t\t\t\t\t\t\t<\/div>\n\t\t\t\t<\/div>\n\t\t\t\t\t<\/div>\n\t\t\t\t<\/div>\n\t\t<div class=\"elementor-element elementor-element-1851226 e-flex e-con-boxed e-con e-parent\" data-id=\"1851226\" data-element_type=\"container\">\n\t\t\t\t\t<div class=\"e-con-inner\">\n\t\t\t\t<div class=\"elementor-element elementor-element-68e21ca elementor-widget elementor-widget-heading\" data-id=\"68e21ca\" data-element_type=\"widget\" data-widget_type=\"heading.default\">\n\t\t\t\t<div class=\"elementor-widget-container\">\n\t\t\t\t\t<h3 class=\"elementor-heading-title elementor-size-default\">Comment puis-je contr\u00f4ler les cookies ?<\/h3>\t\t\t\t<\/div>\n\t\t\t\t<\/div>\n\t\t\t\t<div class=\"elementor-element elementor-element-0c9becf elementor-widget elementor-widget-text-editor\" data-id=\"0c9becf\" data-element_type=\"widget\" data-widget_type=\"text-editor.default\">\n\t\t\t\t<div class=\"elementor-widget-container\">\n\t\t\t\t\t\t\t\t\t<p>Vous avez le droit d&rsquo;accepter ou de refuser les cookies.<br \/>\nVous pouvez exercer vos droits en mati\u00e8re de cookies en d\u00e9finissant vos pr\u00e9f\u00e9rences dans le gestionnaire de consentement aux cookies.<br \/>\nLe gestionnaire de consentement aux cookies vous permet de s\u00e9lectionner les cat\u00e9gories de cookies que vous acceptez ou refusez.<br \/>\nLes cookies essentiels ne peuvent pas \u00eatre rejet\u00e9s car ils sont strictement n\u00e9cessaires pour vous fournir des services.   <\/p>\n\t\t\t\t\t\t\t\t<\/div>\n\t\t\t\t<\/div>\n\t\t\t\t<div class=\"elementor-element elementor-element-b0e3f3b elementor-widget elementor-widget-heading\" data-id=\"b0e3f3b\" data-element_type=\"widget\" data-widget_type=\"heading.default\">\n\t\t\t\t<div class=\"elementor-widget-container\">\n\t\t\t\t\t<h3 class=\"elementor-heading-title elementor-size-default\">O\u00f9 puis-je obtenir plus d'informations ?<\/h3>\t\t\t\t<\/div>\n\t\t\t\t<\/div>\n\t\t\t\t<div class=\"elementor-element elementor-element-45bcac3 elementor-widget elementor-widget-text-editor\" data-id=\"45bcac3\" data-element_type=\"widget\" data-widget_type=\"text-editor.default\">\n\t\t\t\t<div class=\"elementor-widget-container\">\n\t\t\t\t\t\t\t\t\t<section class=\"elementor-section elementor-top-section elementor-element elementor-element-fd948e4 elementor-section-boxed elementor-section-height-default elementor-section-height-default\" data-id=\"fd948e4\" data-element_type=\"section\">\n<div class=\"elementor-container elementor-column-gap-default\">\n<div class=\"elementor-column elementor-col-100 elementor-top-column elementor-element elementor-element-7da965e\" data-id=\"7da965e\" data-element_type=\"column\">\n<div class=\"elementor-widget-wrap elementor-element-populated\">\n<div class=\"elementor-element elementor-element-8983977 elementor-widget elementor-widget-text-editor\" data-id=\"8983977\" data-element_type=\"widget\" data-widget_type=\"text-editor.default\">\n<div class=\"elementor-widget-container\">\n<p>Si vous avez des questions sur notre utilisation des cookies ou d&rsquo;autres technologies, veuillez nous envoyer un courriel \u00e0 l&rsquo;adresse suivante : info@lsntrade.fr<\/p>\n<\/div>\n<\/div>\n<\/div>\n<\/div>\n<\/div>\n<\/section>\n<section class=\"elementor-section elementor-top-section elementor-element elementor-element-2c359a1 elementor-section-boxed elementor-section-height-default elementor-section-height-default\" data-id=\"2c359a1\" data-element_type=\"section\">\n<div class=\"elementor-container elementor-column-gap-default\">\n<div class=\"elementor-column elementor-col-100 elementor-top-column elementor-element elementor-element-695d314\" data-id=\"695d314\" data-element_type=\"column\">\n<div class=\"elementor-widget-wrap elementor-element-populated\">\n<div class=\"elementor-element elementor-element-71f0506 elementor-widget elementor-widget-spacer\" data-id=\"71f0506\" data-element_type=\"widget\" data-widget_type=\"spacer.default\">\n<div class=\"elementor-widget-container\">\n<div class=\"elementor-spacer\"> <\/div>\n<\/div>\n<\/div>\n<\/div>\n<\/div>\n<\/div>\n<\/section>\n\t\t\t\t\t\t\t\t<\/div>\n\t\t\t\t<\/div>\n\t\t\t\t\t<\/div>\n\t\t\t\t<\/div>\n\t\t\t\t<\/div>\n\t\t","protected":false},"excerpt":{"rendered":"<p>Politique en mati\u00e8re de cookies pour LNS TRADE.fr Derni\u00e8re mise \u00e0 jour : 05 avril 2024 La pr\u00e9sente politique en mati\u00e8re de [&hellip;]<\/p>\n","protected":false},"author":1,"featured_media":0,"parent":0,"menu_order":0,"comment_status":"closed","ping_status":"closed","template":"","meta":{"content-type":"","footnotes":""},"class_list":["post-4776","page","type-page","status-publish","hentry"],"_links":{"self":[{"href":"https:\/\/lnstrade.fr\/fr\/wp-json\/wp\/v2\/pages\/4776","targetHints":{"allow":["GET"]}}],"collection":[{"href":"https:\/\/lnstrade.fr\/fr\/wp-json\/wp\/v2\/pages"}],"about":[{"href":"https:\/\/lnstrade.fr\/fr\/wp-json\/wp\/v2\/types\/page"}],"author":[{"embeddable":true,"href":"https:\/\/lnstrade.fr\/fr\/wp-json\/wp\/v2\/users\/1"}],"replies":[{"embeddable":true,"href":"https:\/\/lnstrade.fr\/fr\/wp-json\/wp\/v2\/comments?post=4776"}],"version-history":[{"count":7,"href":"https:\/\/lnstrade.fr\/fr\/wp-json\/wp\/v2\/pages\/4776\/revisions"}],"predecessor-version":[{"id":11515,"href":"https:\/\/lnstrade.fr\/fr\/wp-json\/wp\/v2\/pages\/4776\/revisions\/11515"}],"wp:attachment":[{"href":"https:\/\/lnstrade.fr\/fr\/wp-json\/wp\/v2\/media?parent=4776"}],"curies":[{"name":"wp","href":"https:\/\/api.w.org\/{rel}","templated":true}]}}