{"id":4774,"date":"2024-07-29T16:34:50","date_gmt":"2024-07-29T14:34:50","guid":{"rendered":"https:\/\/lnstrade.fr\/politique-de-confidentialite\/"},"modified":"2024-11-05T15:45:16","modified_gmt":"2024-11-05T14:45:16","slug":"politique-de-confidentialite","status":"publish","type":"page","link":"https:\/\/lnstrade.fr\/fr\/politique-de-confidentialite\/","title":{"rendered":"politique de confidentialit\u00e9"},"content":{"rendered":"\t\t<div data-elementor-type=\"wp-page\" data-elementor-id=\"4774\" class=\"elementor elementor-4774 elementor-702\" data-elementor-settings=\"{&quot;element_pack_global_tooltip_width&quot;:{&quot;unit&quot;:&quot;px&quot;,&quot;size&quot;:&quot;&quot;,&quot;sizes&quot;:[]},&quot;element_pack_global_tooltip_width_tablet&quot;:{&quot;unit&quot;:&quot;px&quot;,&quot;size&quot;:&quot;&quot;,&quot;sizes&quot;:[]},&quot;element_pack_global_tooltip_width_mobile&quot;:{&quot;unit&quot;:&quot;px&quot;,&quot;size&quot;:&quot;&quot;,&quot;sizes&quot;:[]},&quot;element_pack_global_tooltip_padding&quot;:{&quot;unit&quot;:&quot;px&quot;,&quot;top&quot;:&quot;&quot;,&quot;right&quot;:&quot;&quot;,&quot;bottom&quot;:&quot;&quot;,&quot;left&quot;:&quot;&quot;,&quot;isLinked&quot;:true},&quot;element_pack_global_tooltip_padding_tablet&quot;:{&quot;unit&quot;:&quot;px&quot;,&quot;top&quot;:&quot;&quot;,&quot;right&quot;:&quot;&quot;,&quot;bottom&quot;:&quot;&quot;,&quot;left&quot;:&quot;&quot;,&quot;isLinked&quot;:true},&quot;element_pack_global_tooltip_padding_mobile&quot;:{&quot;unit&quot;:&quot;px&quot;,&quot;top&quot;:&quot;&quot;,&quot;right&quot;:&quot;&quot;,&quot;bottom&quot;:&quot;&quot;,&quot;left&quot;:&quot;&quot;,&quot;isLinked&quot;:true},&quot;element_pack_global_tooltip_border_radius&quot;:{&quot;unit&quot;:&quot;px&quot;,&quot;top&quot;:&quot;&quot;,&quot;right&quot;:&quot;&quot;,&quot;bottom&quot;:&quot;&quot;,&quot;left&quot;:&quot;&quot;,&quot;isLinked&quot;:true},&quot;element_pack_global_tooltip_border_radius_tablet&quot;:{&quot;unit&quot;:&quot;px&quot;,&quot;top&quot;:&quot;&quot;,&quot;right&quot;:&quot;&quot;,&quot;bottom&quot;:&quot;&quot;,&quot;left&quot;:&quot;&quot;,&quot;isLinked&quot;:true},&quot;element_pack_global_tooltip_border_radius_mobile&quot;:{&quot;unit&quot;:&quot;px&quot;,&quot;top&quot;:&quot;&quot;,&quot;right&quot;:&quot;&quot;,&quot;bottom&quot;:&quot;&quot;,&quot;left&quot;:&quot;&quot;,&quot;isLinked&quot;:true}}\" data-elementor-post-type=\"page\">\n\t\t\t\t<div class=\"elementor-element elementor-element-21c35bb e-flex e-con-boxed e-con e-parent\" data-id=\"21c35bb\" data-element_type=\"container\">\n\t\t\t\t\t<div class=\"e-con-inner\">\n\t\t\t\t\t<\/div>\n\t\t\t\t<\/div>\n\t\t<div class=\"elementor-element elementor-element-345fe3f e-flex e-con-boxed e-con e-parent\" data-id=\"345fe3f\" data-element_type=\"container\">\n\t\t\t\t\t<div class=\"e-con-inner\">\n\t\t\t\t<div class=\"elementor-element elementor-element-8b3b8cf elementor-widget elementor-widget-heading\" data-id=\"8b3b8cf\" data-element_type=\"widget\" data-widget_type=\"heading.default\">\n\t\t\t\t<div class=\"elementor-widget-container\">\n\t\t\t\t\t<h2 class=\"elementor-heading-title elementor-size-default\">Politique de confidentialit\u00e9 pour LNS TRADE.fr<\/h2>\t\t\t\t<\/div>\n\t\t\t\t<\/div>\n\t\t\t\t\t<\/div>\n\t\t\t\t<\/div>\n\t\t<div class=\"elementor-element elementor-element-5101536 text e-flex e-con-boxed e-con e-parent\" data-id=\"5101536\" data-element_type=\"container\">\n\t\t\t\t\t<div class=\"e-con-inner\">\n\t\t\t\t<div class=\"elementor-element elementor-element-63852f0 elementor-widget elementor-widget-text-editor\" data-id=\"63852f0\" data-element_type=\"widget\" data-widget_type=\"text-editor.default\">\n\t\t\t\t<div class=\"elementor-widget-container\">\n\t\t\t\t\t\t\t\t\t<p>Date d&rsquo;entr\u00e9e en vigueur : 05 avril 2024<\/p>\n<p>LNS TRADE.fr, situ\u00e9 en France, s&rsquo;engage \u00e0 prot\u00e9ger la confidentialit\u00e9 et la s\u00e9curit\u00e9 des visiteurs de son site Web et de ses clients.<br \/>\nCette politique de confidentialit\u00e9 d\u00e9crit les types d&rsquo;informations que nous pouvons recueillir aupr\u00e8s de vous ou que vous pouvez fournir lorsque vous visitez le site Web LNS TRADE.fr, ainsi que nos pratiques en mati\u00e8re de collecte, d&rsquo;utilisation, de conservation, de protection et de divulgation de ces informations. <\/p>\n\t\t\t\t\t\t\t\t<\/div>\n\t\t\t\t<\/div>\n\t\t\t\t<div class=\"elementor-element elementor-element-276766b elementor-widget elementor-widget-heading\" data-id=\"276766b\" data-element_type=\"widget\" data-widget_type=\"heading.default\">\n\t\t\t\t<div class=\"elementor-widget-container\">\n\t\t\t\t\t<h3 class=\"elementor-heading-title elementor-size-default\">Informations que nous recueillons<\/h3>\t\t\t\t<\/div>\n\t\t\t\t<\/div>\n\t\t\t\t<div class=\"elementor-element elementor-element-87abfb8 elementor-widget elementor-widget-heading\" data-id=\"87abfb8\" data-element_type=\"widget\" data-widget_type=\"heading.default\">\n\t\t\t\t<div class=\"elementor-widget-container\">\n\t\t\t\t\t<p class=\"elementor-heading-title elementor-size-default\"><p>Nous recueillons plusieurs types d'informations aupr\u00e8s des utilisateurs de notre site web et \u00e0 leur sujet, y compris des informations :<\/p><ul><li><span style=\"font-weight: 700\">Informations d'identification personnelle<\/span>: Nom, adresse \u00e9lectronique, num\u00e9ro de t\u00e9l\u00e9phone, etc., que vous fournissez en remplissant des formulaires sur notre site web.\nCela inclut les informations fournies au moment de l'inscription \u00e0 notre service ou de la demande d'autres services. <\/li><li><span style=\"font-weight: 700\">Informations d'identification non personnelles<\/span>: Nous pouvons recueillir des informations d'identification non personnelles sur les utilisateurs lorsqu'ils interagissent avec notre site.\nLes informations d'identification non personnelles peuvent inclure le nom du navigateur, le type d'ordinateur et des informations techniques sur les moyens de connexion des utilisateurs \u00e0 notre site, tels que le syst\u00e8me d'exploitation et les fournisseurs d'acc\u00e8s \u00e0 Internet utilis\u00e9s, ainsi que d'autres informations similaires. <\/li><\/ul><\/p>\t\t\t\t<\/div>\n\t\t\t\t<\/div>\n\t\t\t\t<div class=\"elementor-element elementor-element-ea9221a elementor-widget elementor-widget-heading\" data-id=\"ea9221a\" data-element_type=\"widget\" data-widget_type=\"heading.default\">\n\t\t\t\t<div class=\"elementor-widget-container\">\n\t\t\t\t\t<h3 class=\"elementor-heading-title elementor-size-default\">Utilisation de vos informations\n<\/h3>\t\t\t\t<\/div>\n\t\t\t\t<\/div>\n\t\t\t\t<div class=\"elementor-element elementor-element-2331157 elementor-widget elementor-widget-heading\" data-id=\"2331157\" data-element_type=\"widget\" data-widget_type=\"heading.default\">\n\t\t\t\t<div class=\"elementor-widget-container\">\n\t\t\t\t\t<p class=\"elementor-heading-title elementor-size-default\"><p>Nous utilisons les informations que nous recueillons \u00e0 votre sujet ou que vous nous fournissez, y compris toute information personnelle :<\/p><ul><li>Pour vous pr\u00e9senter notre site web et son contenu.<\/li><li>Pour vous fournir les informations, les produits ou les services que vous nous demandez.<\/li><li>\u00e0 toute autre fin pour laquelle vous les avez fournies.<\/li><li>Pour vous informer des modifications apport\u00e9es \u00e0 notre site Web ou \u00e0 tout produit ou service que nous offrons ou fournissons par son interm\u00e9diaire.<\/li><li>\u00e0 toute autre fin avec votre consentement.<\/li><\/ul><\/p>\t\t\t\t<\/div>\n\t\t\t\t<\/div>\n\t\t\t\t<div class=\"elementor-element elementor-element-476b12f elementor-widget elementor-widget-heading\" data-id=\"476b12f\" data-element_type=\"widget\" data-widget_type=\"heading.default\">\n\t\t\t\t<div class=\"elementor-widget-container\">\n\t\t\t\t\t<h3 class=\"elementor-heading-title elementor-size-default\">Divulgation de vos informations<\/h3>\t\t\t\t<\/div>\n\t\t\t\t<\/div>\n\t\t\t\t<div class=\"elementor-element elementor-element-801e2bd elementor-widget elementor-widget-text-editor\" data-id=\"801e2bd\" data-element_type=\"widget\" data-widget_type=\"text-editor.default\">\n\t\t\t\t<div class=\"elementor-widget-container\">\n\t\t\t\t\t\t\t\t\t<p>Nous ne vendons pas, n&rsquo;\u00e9changeons pas et ne louons pas les informations d&rsquo;identification personnelle des utilisateurs \u00e0 des tiers.<br \/>\nNous pouvons partager des informations d\u00e9mographiques g\u00e9n\u00e9riques agr\u00e9g\u00e9es non li\u00e9es \u00e0 des informations d&rsquo;identification personnelle concernant les visiteurs et les utilisateurs avec nos partenaires commerciaux, nos affili\u00e9s de confiance et nos annonceurs aux fins d\u00e9crites ci-dessus. <\/p>\n\t\t\t\t\t\t\t\t<\/div>\n\t\t\t\t<\/div>\n\t\t\t\t<div class=\"elementor-element elementor-element-1c1b055 elementor-widget elementor-widget-heading\" data-id=\"1c1b055\" data-element_type=\"widget\" data-widget_type=\"heading.default\">\n\t\t\t\t<div class=\"elementor-widget-container\">\n\t\t\t\t\t<h3 class=\"elementor-heading-title elementor-size-default\">S\u00e9curit\u00e9 des donn\u00e9es<\/h3>\t\t\t\t<\/div>\n\t\t\t\t<\/div>\n\t\t\t\t<div class=\"elementor-element elementor-element-ce7699d elementor-widget elementor-widget-text-editor\" data-id=\"ce7699d\" data-element_type=\"widget\" data-widget_type=\"text-editor.default\">\n\t\t\t\t<div class=\"elementor-widget-container\">\n\t\t\t\t\t\t\t\t\t<p>Nous mettons en \u0153uvre une s\u00e9rie de mesures de s\u00e9curit\u00e9 lorsqu&rsquo;un utilisateur passe une commande, saisit, soumet ou acc\u00e8de \u00e0 ses informations afin de pr\u00e9server la s\u00e9curit\u00e9 de vos donn\u00e9es personnelles.<\/p>\n\t\t\t\t\t\t\t\t<\/div>\n\t\t\t\t<\/div>\n\t\t\t\t<div class=\"elementor-element elementor-element-ca17ccd elementor-widget elementor-widget-heading\" data-id=\"ca17ccd\" data-element_type=\"widget\" data-widget_type=\"heading.default\">\n\t\t\t\t<div class=\"elementor-widget-container\">\n\t\t\t\t\t<h3 class=\"elementor-heading-title elementor-size-default\">Modifications de notre politique de confidentialit\u00e9<\/h3>\t\t\t\t<\/div>\n\t\t\t\t<\/div>\n\t\t\t\t<div class=\"elementor-element elementor-element-12dd1d8 elementor-widget elementor-widget-text-editor\" data-id=\"12dd1d8\" data-element_type=\"widget\" data-widget_type=\"text-editor.default\">\n\t\t\t\t<div class=\"elementor-widget-container\">\n\t\t\t\t\t\t\t\t\t<p>Nous avons pour politique de publier sur cette page toute modification apport\u00e9e \u00e0 notre politique de protection de la vie priv\u00e9e.<br \/>\nLa date de la derni\u00e8re r\u00e9vision de la politique de confidentialit\u00e9 est indiqu\u00e9e en haut de la page. <\/p>\n\t\t\t\t\t\t\t\t<\/div>\n\t\t\t\t<\/div>\n\t\t\t\t<div class=\"elementor-element elementor-element-b780e37 elementor-widget elementor-widget-heading\" data-id=\"b780e37\" data-element_type=\"widget\" data-widget_type=\"heading.default\">\n\t\t\t\t<div class=\"elementor-widget-container\">\n\t\t\t\t\t<h3 class=\"elementor-heading-title elementor-size-default\">Informations sur le contact<\/h3>\t\t\t\t<\/div>\n\t\t\t\t<\/div>\n\t\t\t\t<div class=\"elementor-element elementor-element-addd324 elementor-widget elementor-widget-text-editor\" data-id=\"addd324\" data-element_type=\"widget\" data-widget_type=\"text-editor.default\">\n\t\t\t\t<div class=\"elementor-widget-container\">\n\t\t\t\t\t\t\t\t\t<p>Pour poser des questions ou faire des commentaires sur cette politique de confidentialit\u00e9 et nos pratiques en mati\u00e8re de confidentialit\u00e9, contactez-nous \u00e0 l&rsquo;adresse suivante : info@lsntrade.fr<\/p>\n\t\t\t\t\t\t\t\t<\/div>\n\t\t\t\t<\/div>\n\t\t\t\t\t<\/div>\n\t\t\t\t<\/div>\n\t\t\t\t<\/div>\n\t\t","protected":false},"excerpt":{"rendered":"<p>Politique de confidentialit\u00e9 pour LNS TRADE.fr Date d&rsquo;entr\u00e9e en vigueur : 05 avril 2024 LNS TRADE.fr, situ\u00e9 en France, s&rsquo;engage \u00e0 prot\u00e9ger [&hellip;]<\/p>\n","protected":false},"author":1,"featured_media":0,"parent":0,"menu_order":0,"comment_status":"closed","ping_status":"closed","template":"","meta":{"content-type":"","footnotes":""},"class_list":["post-4774","page","type-page","status-publish","hentry"],"_links":{"self":[{"href":"https:\/\/lnstrade.fr\/fr\/wp-json\/wp\/v2\/pages\/4774","targetHints":{"allow":["GET"]}}],"collection":[{"href":"https:\/\/lnstrade.fr\/fr\/wp-json\/wp\/v2\/pages"}],"about":[{"href":"https:\/\/lnstrade.fr\/fr\/wp-json\/wp\/v2\/types\/page"}],"author":[{"embeddable":true,"href":"https:\/\/lnstrade.fr\/fr\/wp-json\/wp\/v2\/users\/1"}],"replies":[{"embeddable":true,"href":"https:\/\/lnstrade.fr\/fr\/wp-json\/wp\/v2\/comments?post=4774"}],"version-history":[{"count":11,"href":"https:\/\/lnstrade.fr\/fr\/wp-json\/wp\/v2\/pages\/4774\/revisions"}],"predecessor-version":[{"id":5440,"href":"https:\/\/lnstrade.fr\/fr\/wp-json\/wp\/v2\/pages\/4774\/revisions\/5440"}],"wp:attachment":[{"href":"https:\/\/lnstrade.fr\/fr\/wp-json\/wp\/v2\/media?parent=4774"}],"curies":[{"name":"wp","href":"https:\/\/api.w.org\/{rel}","templated":true}]}}