{"id":4947,"date":"2024-07-29T14:25:50","date_gmt":"2024-07-29T12:25:50","guid":{"rendered":"https:\/\/lnstrade.fr\/terminos\/"},"modified":"2024-10-04T13:52:35","modified_gmt":"2024-10-04T11:52:35","slug":"terminos","status":"publish","type":"page","link":"https:\/\/lnstrade.fr\/es\/terminos\/","title":{"rendered":"T\u00e9rminos"},"content":{"rendered":"\t\t<div data-elementor-type=\"wp-page\" data-elementor-id=\"4947\" class=\"elementor elementor-4947 elementor-542\" data-elementor-settings=\"{&quot;element_pack_global_tooltip_width&quot;:{&quot;unit&quot;:&quot;px&quot;,&quot;size&quot;:&quot;&quot;,&quot;sizes&quot;:[]},&quot;element_pack_global_tooltip_width_tablet&quot;:{&quot;unit&quot;:&quot;px&quot;,&quot;size&quot;:&quot;&quot;,&quot;sizes&quot;:[]},&quot;element_pack_global_tooltip_width_mobile&quot;:{&quot;unit&quot;:&quot;px&quot;,&quot;size&quot;:&quot;&quot;,&quot;sizes&quot;:[]},&quot;element_pack_global_tooltip_padding&quot;:{&quot;unit&quot;:&quot;px&quot;,&quot;top&quot;:&quot;&quot;,&quot;right&quot;:&quot;&quot;,&quot;bottom&quot;:&quot;&quot;,&quot;left&quot;:&quot;&quot;,&quot;isLinked&quot;:true},&quot;element_pack_global_tooltip_padding_tablet&quot;:{&quot;unit&quot;:&quot;px&quot;,&quot;top&quot;:&quot;&quot;,&quot;right&quot;:&quot;&quot;,&quot;bottom&quot;:&quot;&quot;,&quot;left&quot;:&quot;&quot;,&quot;isLinked&quot;:true},&quot;element_pack_global_tooltip_padding_mobile&quot;:{&quot;unit&quot;:&quot;px&quot;,&quot;top&quot;:&quot;&quot;,&quot;right&quot;:&quot;&quot;,&quot;bottom&quot;:&quot;&quot;,&quot;left&quot;:&quot;&quot;,&quot;isLinked&quot;:true},&quot;element_pack_global_tooltip_border_radius&quot;:{&quot;unit&quot;:&quot;px&quot;,&quot;top&quot;:&quot;&quot;,&quot;right&quot;:&quot;&quot;,&quot;bottom&quot;:&quot;&quot;,&quot;left&quot;:&quot;&quot;,&quot;isLinked&quot;:true},&quot;element_pack_global_tooltip_border_radius_tablet&quot;:{&quot;unit&quot;:&quot;px&quot;,&quot;top&quot;:&quot;&quot;,&quot;right&quot;:&quot;&quot;,&quot;bottom&quot;:&quot;&quot;,&quot;left&quot;:&quot;&quot;,&quot;isLinked&quot;:true},&quot;element_pack_global_tooltip_border_radius_mobile&quot;:{&quot;unit&quot;:&quot;px&quot;,&quot;top&quot;:&quot;&quot;,&quot;right&quot;:&quot;&quot;,&quot;bottom&quot;:&quot;&quot;,&quot;left&quot;:&quot;&quot;,&quot;isLinked&quot;:true}}\" data-elementor-post-type=\"page\">\n\t\t\t\t<div class=\"elementor-element elementor-element-0c1e2ed e-flex e-con-boxed e-con e-parent\" data-id=\"0c1e2ed\" data-element_type=\"container\">\n\t\t\t\t\t<div class=\"e-con-inner\">\n\t\t<div class=\"elementor-element elementor-element-22a5207 e-con-full e-flex e-con e-child\" data-id=\"22a5207\" data-element_type=\"container\">\n\t\t\t\t<div class=\"elementor-element elementor-element-14cd3a7 elementor-widget elementor-widget-heading\" data-id=\"14cd3a7\" data-element_type=\"widget\" data-widget_type=\"heading.default\">\n\t\t\t\t<div class=\"elementor-widget-container\">\n\t\t\t\t\t<h2 class=\"elementor-heading-title elementor-size-default\">T\u00e9rminos y condiciones de LNS TRADE.fr<\/h2>\t\t\t\t<\/div>\n\t\t\t\t<\/div>\n\t\t\t\t<div class=\"elementor-element elementor-element-59b3555 elementor-widget elementor-widget-text-editor\" data-id=\"59b3555\" data-element_type=\"widget\" data-widget_type=\"text-editor.default\">\n\t\t\t\t<div class=\"elementor-widget-container\">\n\t\t\t\t\t\t\t\t\t<p>\u00daltima actualizaci\u00f3n: 05 abril 2024<\/p>\n<p>Bienvenido a LNS TRADE.fr<br \/>\nSi contin\u00faas navegando y utilizando este sitio web, est\u00e1s aceptando cumplir y estar sujeto a los siguientes t\u00e9rminos y condiciones de uso, que junto con nuestra pol\u00edtica de privacidad rigen la relaci\u00f3n de LNS TRADE.fr contigo en relaci\u00f3n con este sitio web. <\/p>\n\t\t\t\t\t\t\t\t<\/div>\n\t\t\t\t<\/div>\n\t\t\t\t<div class=\"elementor-element elementor-element-6beacb2 elementor-widget elementor-widget-heading\" data-id=\"6beacb2\" data-element_type=\"widget\" data-widget_type=\"heading.default\">\n\t\t\t\t<div class=\"elementor-widget-container\">\n\t\t\t\t\t<h3 class=\"elementor-heading-title elementor-size-default\">Uso del sitio web<\/h3>\t\t\t\t<\/div>\n\t\t\t\t<\/div>\n\t\t\t\t<div class=\"elementor-element elementor-element-7a15e5c elementor-widget elementor-widget-text-editor\" data-id=\"7a15e5c\" data-element_type=\"widget\" data-widget_type=\"text-editor.default\">\n\t\t\t\t<div class=\"elementor-widget-container\">\n\t\t\t\t\t\t\t\t\t<ul>\n<li>Este sitio web est\u00e1 sujeto a las siguientes condiciones de uso:<\/li>\n<li>El contenido de las p\u00e1ginas de este sitio web es s\u00f3lo para tu informaci\u00f3n y uso generales.<br \/>\nEst\u00e1 sujeto a cambios sin previo aviso. <\/li>\n<li>Ni nosotros ni terceras partes proporcionamos ninguna garant\u00eda en cuanto a la exactitud, puntualidad, rendimiento, integridad o idoneidad de la informaci\u00f3n y los materiales encontrados u ofrecidos en este sitio web para cualquier fin concreto.<\/li>\n<li>El uso que hagas de cualquier informaci\u00f3n o material de este sitio web es enteramente por tu cuenta y riesgo, por lo que no seremos responsables.<br \/>\nSer\u00e1 tu propia responsabilidad asegurarte de que cualquier producto, servicio o informaci\u00f3n disponible a trav\u00e9s de este sitio web cumple tus requisitos espec\u00edficos. <\/li>\n<\/ul>\n\t\t\t\t\t\t\t\t<\/div>\n\t\t\t\t<\/div>\n\t\t\t\t<div class=\"elementor-element elementor-element-0f39ad2 elementor-widget elementor-widget-heading\" data-id=\"0f39ad2\" data-element_type=\"widget\" data-widget_type=\"heading.default\">\n\t\t\t\t<div class=\"elementor-widget-container\">\n\t\t\t\t\t<h3 class=\"elementor-heading-title elementor-size-default\">Derechos de autor<\/h3>\t\t\t\t<\/div>\n\t\t\t\t<\/div>\n\t\t\t\t<div class=\"elementor-element elementor-element-ab82cfa elementor-widget elementor-widget-text-editor\" data-id=\"ab82cfa\" data-element_type=\"widget\" data-widget_type=\"text-editor.default\">\n\t\t\t\t<div class=\"elementor-widget-container\">\n\t\t\t\t\t\t\t\t\t<p>El dise\u00f1o, la disposici\u00f3n, el aspecto, la apariencia y los gr\u00e1ficos del sitio web est\u00e1n protegidos por las leyes de derechos de autor.<br \/>\nQueda prohibida su reproducci\u00f3n si no es de conformidad con el aviso de copyright. <\/p>\n\t\t\t\t\t\t\t\t<\/div>\n\t\t\t\t<\/div>\n\t\t\t\t<div class=\"elementor-element elementor-element-13c43b5 elementor-widget elementor-widget-heading\" data-id=\"13c43b5\" data-element_type=\"widget\" data-widget_type=\"heading.default\">\n\t\t\t\t<div class=\"elementor-widget-container\">\n\t\t\t\t\t<h3 class=\"elementor-heading-title elementor-size-default\">Marcas<\/h3>\t\t\t\t<\/div>\n\t\t\t\t<\/div>\n\t\t\t\t<div class=\"elementor-element elementor-element-4025a31 elementor-widget elementor-widget-text-editor\" data-id=\"4025a31\" data-element_type=\"widget\" data-widget_type=\"text-editor.default\">\n\t\t\t\t<div class=\"elementor-widget-container\">\n\t\t\t\t\t\t\t\t\t<p>Las marcas comerciales, logotipos y marcas de servicio que aparecen en el sitio web son propiedad de LNS TRADE.fr o de terceras partes. Los usuarios no est\u00e1n autorizados a utilizar estas marcas sin el consentimiento previo por escrito de LNS TRADE.fr o del tercero que pueda ser propietario de la marca. <\/p>\n\t\t\t\t\t\t\t\t<\/div>\n\t\t\t\t<\/div>\n\t\t\t\t<div class=\"elementor-element elementor-element-7a7c673 elementor-widget elementor-widget-heading\" data-id=\"7a7c673\" data-element_type=\"widget\" data-widget_type=\"heading.default\">\n\t\t\t\t<div class=\"elementor-widget-container\">\n\t\t\t\t\t<h3 class=\"elementor-heading-title elementor-size-default\">Cambios en los T\u00e9rminos y Condiciones<\/h3>\t\t\t\t<\/div>\n\t\t\t\t<\/div>\n\t\t\t\t<div class=\"elementor-element elementor-element-8d848df elementor-widget elementor-widget-text-editor\" data-id=\"8d848df\" data-element_type=\"widget\" data-widget_type=\"text-editor.default\">\n\t\t\t\t<div class=\"elementor-widget-container\">\n\t\t\t\t\t\t\t\t\t<p>Nos reservamos el derecho a realizar cambios en estos t\u00e9rminos y condiciones en cualquier momento. Tu uso contin\u00fao del sitio tras la publicaci\u00f3n de cualquier cambio se considerar\u00e1 una aceptaci\u00f3n de dichos cambios. <\/p>\n\t\t\t\t\t\t\t\t<\/div>\n\t\t\t\t<\/div>\n\t\t\t\t<div class=\"elementor-element elementor-element-9277225 elementor-widget elementor-widget-heading\" data-id=\"9277225\" data-element_type=\"widget\" data-widget_type=\"heading.default\">\n\t\t\t\t<div class=\"elementor-widget-container\">\n\t\t\t\t\t<h3 class=\"elementor-heading-title elementor-size-default\">Ley aplicable<\/h3>\t\t\t\t<\/div>\n\t\t\t\t<\/div>\n\t\t\t\t<div class=\"elementor-element elementor-element-a10632a elementor-widget elementor-widget-text-editor\" data-id=\"a10632a\" data-element_type=\"widget\" data-widget_type=\"text-editor.default\">\n\t\t\t\t<div class=\"elementor-widget-container\">\n\t\t\t\t\t\t\t\t\t<p>Estos t\u00e9rminos y condiciones se rigen y construyen de acuerdo con las leyes de Francia y usted se somete irrevocablemente a la jurisdicci\u00f3n exclusiva de los tribunales de dicho Estado o localidad.<\/p>\n\t\t\t\t\t\t\t\t<\/div>\n\t\t\t\t<\/div>\n\t\t\t\t<div class=\"elementor-element elementor-element-2e4d5f2 elementor-widget elementor-widget-heading\" data-id=\"2e4d5f2\" data-element_type=\"widget\" data-widget_type=\"heading.default\">\n\t\t\t\t<div class=\"elementor-widget-container\">\n\t\t\t\t\t<h3 class=\"elementor-heading-title elementor-size-default\">Contacta con nosotros<\/h3>\t\t\t\t<\/div>\n\t\t\t\t<\/div>\n\t\t\t\t<div class=\"elementor-element elementor-element-b0f19c3 elementor-widget elementor-widget-text-editor\" data-id=\"b0f19c3\" data-element_type=\"widget\" data-widget_type=\"text-editor.default\">\n\t\t\t\t<div class=\"elementor-widget-container\">\n\t\t\t\t\t\t\t\t\t<p>Si tienes alguna pregunta sobre estos T\u00e9rminos y Condiciones, ponte en contacto con nosotros en: info@lsntrade.fr<\/p>\n\t\t\t\t\t\t\t\t<\/div>\n\t\t\t\t<\/div>\n\t\t\t\t<\/div>\n\t\t\t\t\t<\/div>\n\t\t\t\t<\/div>\n\t\t\t\t<\/div>\n\t\t","protected":false},"excerpt":{"rendered":"<p>T\u00e9rminos y condiciones de LNS TRADE.fr \u00daltima actualizaci\u00f3n: 05 abril 2024 Bienvenido a LNS TRADE.fr Si contin\u00faas navegando y utilizando este sitio [&hellip;]<\/p>\n","protected":false},"author":1,"featured_media":0,"parent":0,"menu_order":0,"comment_status":"closed","ping_status":"closed","template":"","meta":{"content-type":"","footnotes":""},"class_list":["post-4947","page","type-page","status-publish","hentry"],"_links":{"self":[{"href":"https:\/\/lnstrade.fr\/es\/wp-json\/wp\/v2\/pages\/4947","targetHints":{"allow":["GET"]}}],"collection":[{"href":"https:\/\/lnstrade.fr\/es\/wp-json\/wp\/v2\/pages"}],"about":[{"href":"https:\/\/lnstrade.fr\/es\/wp-json\/wp\/v2\/types\/page"}],"author":[{"embeddable":true,"href":"https:\/\/lnstrade.fr\/es\/wp-json\/wp\/v2\/users\/1"}],"replies":[{"embeddable":true,"href":"https:\/\/lnstrade.fr\/es\/wp-json\/wp\/v2\/comments?post=4947"}],"version-history":[{"count":4,"href":"https:\/\/lnstrade.fr\/es\/wp-json\/wp\/v2\/pages\/4947\/revisions"}],"predecessor-version":[{"id":5062,"href":"https:\/\/lnstrade.fr\/es\/wp-json\/wp\/v2\/pages\/4947\/revisions\/5062"}],"wp:attachment":[{"href":"https:\/\/lnstrade.fr\/es\/wp-json\/wp\/v2\/media?parent=4947"}],"curies":[{"name":"wp","href":"https:\/\/api.w.org\/{rel}","templated":true}]}}