{"id":4945,"date":"2024-07-29T16:44:45","date_gmt":"2024-07-29T14:44:45","guid":{"rendered":"https:\/\/lnstrade.fr\/politica-de-cookies\/"},"modified":"2024-10-04T13:52:57","modified_gmt":"2024-10-04T11:52:57","slug":"politica-de-cookies","status":"publish","type":"page","link":"https:\/\/lnstrade.fr\/es\/politica-de-cookies\/","title":{"rendered":"Pol\u00edtica de cookies"},"content":{"rendered":"\t\t<div data-elementor-type=\"wp-page\" data-elementor-id=\"4945\" class=\"elementor elementor-4945 elementor-726\" data-elementor-settings=\"{&quot;element_pack_global_tooltip_width&quot;:{&quot;unit&quot;:&quot;px&quot;,&quot;size&quot;:&quot;&quot;,&quot;sizes&quot;:[]},&quot;element_pack_global_tooltip_width_tablet&quot;:{&quot;unit&quot;:&quot;px&quot;,&quot;size&quot;:&quot;&quot;,&quot;sizes&quot;:[]},&quot;element_pack_global_tooltip_width_mobile&quot;:{&quot;unit&quot;:&quot;px&quot;,&quot;size&quot;:&quot;&quot;,&quot;sizes&quot;:[]},&quot;element_pack_global_tooltip_padding&quot;:{&quot;unit&quot;:&quot;px&quot;,&quot;top&quot;:&quot;&quot;,&quot;right&quot;:&quot;&quot;,&quot;bottom&quot;:&quot;&quot;,&quot;left&quot;:&quot;&quot;,&quot;isLinked&quot;:true},&quot;element_pack_global_tooltip_padding_tablet&quot;:{&quot;unit&quot;:&quot;px&quot;,&quot;top&quot;:&quot;&quot;,&quot;right&quot;:&quot;&quot;,&quot;bottom&quot;:&quot;&quot;,&quot;left&quot;:&quot;&quot;,&quot;isLinked&quot;:true},&quot;element_pack_global_tooltip_padding_mobile&quot;:{&quot;unit&quot;:&quot;px&quot;,&quot;top&quot;:&quot;&quot;,&quot;right&quot;:&quot;&quot;,&quot;bottom&quot;:&quot;&quot;,&quot;left&quot;:&quot;&quot;,&quot;isLinked&quot;:true},&quot;element_pack_global_tooltip_border_radius&quot;:{&quot;unit&quot;:&quot;px&quot;,&quot;top&quot;:&quot;&quot;,&quot;right&quot;:&quot;&quot;,&quot;bottom&quot;:&quot;&quot;,&quot;left&quot;:&quot;&quot;,&quot;isLinked&quot;:true},&quot;element_pack_global_tooltip_border_radius_tablet&quot;:{&quot;unit&quot;:&quot;px&quot;,&quot;top&quot;:&quot;&quot;,&quot;right&quot;:&quot;&quot;,&quot;bottom&quot;:&quot;&quot;,&quot;left&quot;:&quot;&quot;,&quot;isLinked&quot;:true},&quot;element_pack_global_tooltip_border_radius_mobile&quot;:{&quot;unit&quot;:&quot;px&quot;,&quot;top&quot;:&quot;&quot;,&quot;right&quot;:&quot;&quot;,&quot;bottom&quot;:&quot;&quot;,&quot;left&quot;:&quot;&quot;,&quot;isLinked&quot;:true}}\" data-elementor-post-type=\"page\">\n\t\t\t\t<div class=\"elementor-element elementor-element-0174ceb e-flex e-con-boxed e-con e-parent\" data-id=\"0174ceb\" data-element_type=\"container\">\n\t\t\t\t\t<div class=\"e-con-inner\">\n\t\t\t\t<div class=\"elementor-element elementor-element-6ef2c12 elementor-widget elementor-widget-heading\" data-id=\"6ef2c12\" data-element_type=\"widget\" data-widget_type=\"heading.default\">\n\t\t\t\t<div class=\"elementor-widget-container\">\n\t\t\t\t\t<h2 class=\"elementor-heading-title elementor-size-default\">  Pol\u00edtica de cookies de LNS TRADE.fr<\/h2>\t\t\t\t<\/div>\n\t\t\t\t<\/div>\n\t\t\t\t<div class=\"elementor-element elementor-element-160a959 elementor-widget elementor-widget-text-editor\" data-id=\"160a959\" data-element_type=\"widget\" data-widget_type=\"text-editor.default\">\n\t\t\t\t<div class=\"elementor-widget-container\">\n\t\t\t\t\t\t\t\t\t<p>\u00daltima actualizaci\u00f3n: 05 abril 2024<\/p>\n<p>Esta Pol\u00edtica de Cookies explica c\u00f3mo LNS TRADE.fr (\u00abnosotros\u00bb, \u00abnos\u00bb y \u00abnuestro\u00bb) utiliza cookies y tecnolog\u00edas similares para reconocerte cuando visitas nuestro sitio web en LNS TRADE.fr (\u00abSitio Web\u00bb).<br \/>\nExplica qu\u00e9 son estas tecnolog\u00edas y por qu\u00e9 las utilizamos, as\u00ed como tus derechos a controlar el uso que hacemos de ellas. <\/p>\n\t\t\t\t\t\t\t\t<\/div>\n\t\t\t\t<\/div>\n\t\t\t\t\t<\/div>\n\t\t\t\t<\/div>\n\t\t<div class=\"elementor-element elementor-element-f5e03e7 e-flex e-con-boxed e-con e-parent\" data-id=\"f5e03e7\" data-element_type=\"container\">\n\t\t\t\t\t<div class=\"e-con-inner\">\n\t\t\t\t<div class=\"elementor-element elementor-element-27e4a0e elementor-widget elementor-widget-heading\" data-id=\"27e4a0e\" data-element_type=\"widget\" data-widget_type=\"heading.default\">\n\t\t\t\t<div class=\"elementor-widget-container\">\n\t\t\t\t\t<h3 class=\"elementor-heading-title elementor-size-default\">\u00bfQu\u00e9 son las cookies?<\/h3>\t\t\t\t<\/div>\n\t\t\t\t<\/div>\n\t\t\t\t<div class=\"elementor-element elementor-element-395985d elementor-widget elementor-widget-text-editor\" data-id=\"395985d\" data-element_type=\"widget\" data-widget_type=\"text-editor.default\">\n\t\t\t\t<div class=\"elementor-widget-container\">\n\t\t\t\t\t\t\t\t\t<ul>\n<li>\n<p>Las cookies son peque\u00f1os archivos de datos que se colocan en tu ordenador o dispositivo m\u00f3vil cuando visitas un sitio web.<br \/>\nLos propietarios de sitios web utilizan ampliamente las cookies para hacer que sus sitios web funcionen, o para que funcionen de forma m\u00e1s eficiente, as\u00ed como para proporcionar informaci\u00f3n de informes. <\/p>\n<p>Las cookies establecidas por el propietario del sitio web (en este caso, LNS TRADE.fr) se denominan \u00abcookies de origen\u00bb.<br \/>\nLas cookies establecidas por terceros distintos del propietario del sitio web se denominan \u00abcookies de terceros\u00bb.<br \/>\nLas cookies de terceros permiten que se proporcionen caracter\u00edsticas o funcionalidades de terceros en o a trav\u00e9s del sitio web (por ejemplo, publicidad, contenido interactivo y an\u00e1lisis).<br \/>\nLas partes que establecen estas cookies de terceros pueden reconocer tu ordenador tanto cuando visita el sitio web en cuesti\u00f3n como cuando visita otros sitios web determinados.   <\/p>\n<\/li>\n<\/ul>\n\t\t\t\t\t\t\t\t<\/div>\n\t\t\t\t<\/div>\n\t\t\t\t\t<\/div>\n\t\t\t\t<\/div>\n\t\t<div class=\"elementor-element elementor-element-4b80842 e-flex e-con-boxed e-con e-parent\" data-id=\"4b80842\" data-element_type=\"container\">\n\t\t\t\t\t<div class=\"e-con-inner\">\n\t\t\t\t<div class=\"elementor-element elementor-element-14ff345 elementor-widget elementor-widget-heading\" data-id=\"14ff345\" data-element_type=\"widget\" data-widget_type=\"heading.default\">\n\t\t\t\t<div class=\"elementor-widget-container\">\n\t\t\t\t\t<h3 class=\"elementor-heading-title elementor-size-default\">\u00bfPor qu\u00e9 utilizamos cookies?<\/h3>\t\t\t\t<\/div>\n\t\t\t\t<\/div>\n\t\t\t\t<div class=\"elementor-element elementor-element-2fbd32e elementor-widget elementor-widget-text-editor\" data-id=\"2fbd32e\" data-element_type=\"widget\" data-widget_type=\"text-editor.default\">\n\t\t\t\t<div class=\"elementor-widget-container\">\n\t\t\t\t\t\t\t\t\t<p>Utilizamos cookies propias y de terceros por varias razones.<br \/>\nAlgunas cookies son necesarias por razones t\u00e9cnicas para que nuestro Sitio Web funcione, y nos referimos a ellas como cookies \u00abesenciales\u00bb o \u00abestrictamente necesarias\u00bb.<br \/>\nOtras cookies tambi\u00e9n nos permiten rastrear y orientar los intereses de nuestros usuarios para mejorar la experiencia en nuestro Sitio Web.<br \/>\nTerceros utilizan cookies a trav\u00e9s de nuestro Sitio Web con fines publicitarios, anal\u00edticos y otros.   <\/p>\n\t\t\t\t\t\t\t\t<\/div>\n\t\t\t\t<\/div>\n\t\t\t\t\t<\/div>\n\t\t\t\t<\/div>\n\t\t<div class=\"elementor-element elementor-element-8fba510 e-flex e-con-boxed e-con e-parent\" data-id=\"8fba510\" data-element_type=\"container\">\n\t\t\t\t\t<div class=\"e-con-inner\">\n\t\t\t\t<div class=\"elementor-element elementor-element-155e4e1 elementor-widget elementor-widget-heading\" data-id=\"155e4e1\" data-element_type=\"widget\" data-widget_type=\"heading.default\">\n\t\t\t\t<div class=\"elementor-widget-container\">\n\t\t\t\t\t<h3 class=\"elementor-heading-title elementor-size-default\">\u00bfQu\u00e9 tipos de cookies utilizamos?  <\/h3>\t\t\t\t<\/div>\n\t\t\t\t<\/div>\n\t\t\t\t<div class=\"elementor-element elementor-element-b4508e5 elementor-widget elementor-widget-text-editor\" data-id=\"b4508e5\" data-element_type=\"widget\" data-widget_type=\"text-editor.default\">\n\t\t\t\t<div class=\"elementor-widget-container\">\n\t\t\t\t\t\t\t\t\t<ul>\n<li>\n<p><strong>Cookies esenciales del sitio web:<\/strong> Estas cookies son estrictamente necesarias para proporcionarte los servicios disponibles a trav\u00e9s de nuestro Sitio Web y para utilizar algunas de sus funciones, como el acceso a \u00e1reas seguras.<\/p>\n<\/li>\n<li>\n<p><strong>Cookies anal\u00edticas\/de rendimiento:<\/strong> Nos permiten reconocer y contar el n\u00famero de visitantes y ver c\u00f3mo se mueven por nuestro Sitio Web cuando lo utilizan.<br \/>\nEsto nos ayuda a mejorar el funcionamiento de nuestro Sitio web, por ejemplo, asegur\u00e1ndonos de que los usuarios encuentran f\u00e1cilmente lo que buscan. <\/p>\n<\/li>\n<li>\n<p><strong>Cookies de funcionalidad:<\/strong> Se utilizan para reconocerte cuando vuelves a nuestro Sitio Web.<br \/>\nEsto nos permite personalizar nuestro contenido para ti, saludarte por tu nombre y recordar tus preferencias. <\/p>\n<\/li>\n<li>\n<p><strong>Cookies de orientaci\u00f3n:<\/strong> Estas cookies registran tu visita a nuestro Sitio Web, las p\u00e1ginas que has visitado y los enlaces que has seguido.<br \/>\nUtilizaremos esta informaci\u00f3n para hacer que nuestro Sitio Web y la publicidad que se muestra en \u00e9l sean m\u00e1s relevantes para tus intereses. <\/p>\n<\/li>\n<\/ul>\n\t\t\t\t\t\t\t\t<\/div>\n\t\t\t\t<\/div>\n\t\t\t\t\t<\/div>\n\t\t\t\t<\/div>\n\t\t<div class=\"elementor-element elementor-element-1851226 e-flex e-con-boxed e-con e-parent\" data-id=\"1851226\" data-element_type=\"container\">\n\t\t\t\t\t<div class=\"e-con-inner\">\n\t\t\t\t<div class=\"elementor-element elementor-element-68e21ca elementor-widget elementor-widget-heading\" data-id=\"68e21ca\" data-element_type=\"widget\" data-widget_type=\"heading.default\">\n\t\t\t\t<div class=\"elementor-widget-container\">\n\t\t\t\t\t<h3 class=\"elementor-heading-title elementor-size-default\">\u00bfC\u00f3mo puedo controlar las cookies?<\/h3>\t\t\t\t<\/div>\n\t\t\t\t<\/div>\n\t\t\t\t<div class=\"elementor-element elementor-element-0c9becf elementor-widget elementor-widget-text-editor\" data-id=\"0c9becf\" data-element_type=\"widget\" data-widget_type=\"text-editor.default\">\n\t\t\t\t<div class=\"elementor-widget-container\">\n\t\t\t\t\t\t\t\t\t<p>Tienes derecho a decidir si aceptas o rechazas las cookies.<br \/>\nPuedes ejercer tus derechos sobre las cookies estableciendo tus preferencias en el Gestor de Consentimiento de Cookies.<br \/>\nEl Administrador de Consentimiento de Cookies te permite seleccionar qu\u00e9 categor\u00edas de cookies aceptas o rechazas.<br \/>\nLas cookies esenciales no pueden rechazarse, ya que son estrictamente necesarias para prestarte servicios.   <\/p>\n\t\t\t\t\t\t\t\t<\/div>\n\t\t\t\t<\/div>\n\t\t\t\t<div class=\"elementor-element elementor-element-b0e3f3b elementor-widget elementor-widget-heading\" data-id=\"b0e3f3b\" data-element_type=\"widget\" data-widget_type=\"heading.default\">\n\t\t\t\t<div class=\"elementor-widget-container\">\n\t\t\t\t\t<h3 class=\"elementor-heading-title elementor-size-default\">\u00bfD\u00f3nde puedo obtener m\u00e1s informaci\u00f3n?<\/h3>\t\t\t\t<\/div>\n\t\t\t\t<\/div>\n\t\t\t\t<div class=\"elementor-element elementor-element-45bcac3 elementor-widget elementor-widget-text-editor\" data-id=\"45bcac3\" data-element_type=\"widget\" data-widget_type=\"text-editor.default\">\n\t\t\t\t<div class=\"elementor-widget-container\">\n\t\t\t\t\t\t\t\t\t<section class=\"elementor-section elementor-top-section elementor-element elementor-element-fd948e4 elementor-section-boxed elementor-section-height-default elementor-section-height-default\" data-id=\"fd948e4\" data-element_type=\"section\">\n<div class=\"elementor-container elementor-column-gap-default\">\n<div class=\"elementor-column elementor-col-100 elementor-top-column elementor-element elementor-element-7da965e\" data-id=\"7da965e\" data-element_type=\"column\">\n<div class=\"elementor-widget-wrap elementor-element-populated\">\n<div class=\"elementor-element elementor-element-8983977 elementor-widget elementor-widget-text-editor\" data-id=\"8983977\" data-element_type=\"widget\" data-widget_type=\"text-editor.default\">\n<div class=\"elementor-widget-container\">\n<p>Si tienes alguna pregunta sobre nuestro uso de cookies u otras tecnolog\u00edas, env\u00edanos un correo electr\u00f3nico a: info@lsntrade.fr<\/p>\n<\/div>\n<\/div>\n<\/div>\n<\/div>\n<\/div>\n<\/section>\n<section class=\"elementor-section elementor-top-section elementor-element elementor-element-2c359a1 elementor-section-boxed elementor-section-height-default elementor-section-height-default\" data-id=\"2c359a1\" data-element_type=\"section\">\n<div class=\"elementor-container elementor-column-gap-default\">\n<div class=\"elementor-column elementor-col-100 elementor-top-column elementor-element elementor-element-695d314\" data-id=\"695d314\" data-element_type=\"column\">\n<div class=\"elementor-widget-wrap elementor-element-populated\">\n<div class=\"elementor-element elementor-element-71f0506 elementor-widget elementor-widget-spacer\" data-id=\"71f0506\" data-element_type=\"widget\" data-widget_type=\"spacer.default\">\n<div class=\"elementor-widget-container\">\n<div class=\"elementor-spacer\"> <\/div>\n<\/div>\n<\/div>\n<\/div>\n<\/div>\n<\/div>\n<\/section>\n\t\t\t\t\t\t\t\t<\/div>\n\t\t\t\t<\/div>\n\t\t\t\t\t<\/div>\n\t\t\t\t<\/div>\n\t\t\t\t<\/div>\n\t\t","protected":false},"excerpt":{"rendered":"<p>Pol\u00edtica de cookies de LNS TRADE.fr \u00daltima actualizaci\u00f3n: 05 abril 2024 Esta Pol\u00edtica de Cookies explica c\u00f3mo LNS TRADE.fr (\u00abnosotros\u00bb, \u00abnos\u00bb y [&hellip;]<\/p>\n","protected":false},"author":1,"featured_media":0,"parent":0,"menu_order":0,"comment_status":"closed","ping_status":"closed","template":"","meta":{"content-type":"","footnotes":""},"class_list":["post-4945","page","type-page","status-publish","hentry"],"_links":{"self":[{"href":"https:\/\/lnstrade.fr\/es\/wp-json\/wp\/v2\/pages\/4945","targetHints":{"allow":["GET"]}}],"collection":[{"href":"https:\/\/lnstrade.fr\/es\/wp-json\/wp\/v2\/pages"}],"about":[{"href":"https:\/\/lnstrade.fr\/es\/wp-json\/wp\/v2\/types\/page"}],"author":[{"embeddable":true,"href":"https:\/\/lnstrade.fr\/es\/wp-json\/wp\/v2\/users\/1"}],"replies":[{"embeddable":true,"href":"https:\/\/lnstrade.fr\/es\/wp-json\/wp\/v2\/comments?post=4945"}],"version-history":[{"count":4,"href":"https:\/\/lnstrade.fr\/es\/wp-json\/wp\/v2\/pages\/4945\/revisions"}],"predecessor-version":[{"id":5065,"href":"https:\/\/lnstrade.fr\/es\/wp-json\/wp\/v2\/pages\/4945\/revisions\/5065"}],"wp:attachment":[{"href":"https:\/\/lnstrade.fr\/es\/wp-json\/wp\/v2\/media?parent=4945"}],"curies":[{"name":"wp","href":"https:\/\/api.w.org\/{rel}","templated":true}]}}