{"id":5022,"date":"2024-07-29T14:25:50","date_gmt":"2024-07-29T12:25:50","guid":{"rendered":"https:\/\/lnstrade.fr\/terme\/"},"modified":"2024-10-04T13:50:37","modified_gmt":"2024-10-04T11:50:37","slug":"terme","status":"publish","type":"page","link":"https:\/\/lnstrade.fr\/de\/terme\/","title":{"rendered":"Terme"},"content":{"rendered":"\t\t<div data-elementor-type=\"wp-page\" data-elementor-id=\"5022\" class=\"elementor elementor-5022 elementor-542\" data-elementor-settings=\"{&quot;element_pack_global_tooltip_width&quot;:{&quot;unit&quot;:&quot;px&quot;,&quot;size&quot;:&quot;&quot;,&quot;sizes&quot;:[]},&quot;element_pack_global_tooltip_width_tablet&quot;:{&quot;unit&quot;:&quot;px&quot;,&quot;size&quot;:&quot;&quot;,&quot;sizes&quot;:[]},&quot;element_pack_global_tooltip_width_mobile&quot;:{&quot;unit&quot;:&quot;px&quot;,&quot;size&quot;:&quot;&quot;,&quot;sizes&quot;:[]},&quot;element_pack_global_tooltip_padding&quot;:{&quot;unit&quot;:&quot;px&quot;,&quot;top&quot;:&quot;&quot;,&quot;right&quot;:&quot;&quot;,&quot;bottom&quot;:&quot;&quot;,&quot;left&quot;:&quot;&quot;,&quot;isLinked&quot;:true},&quot;element_pack_global_tooltip_padding_tablet&quot;:{&quot;unit&quot;:&quot;px&quot;,&quot;top&quot;:&quot;&quot;,&quot;right&quot;:&quot;&quot;,&quot;bottom&quot;:&quot;&quot;,&quot;left&quot;:&quot;&quot;,&quot;isLinked&quot;:true},&quot;element_pack_global_tooltip_padding_mobile&quot;:{&quot;unit&quot;:&quot;px&quot;,&quot;top&quot;:&quot;&quot;,&quot;right&quot;:&quot;&quot;,&quot;bottom&quot;:&quot;&quot;,&quot;left&quot;:&quot;&quot;,&quot;isLinked&quot;:true},&quot;element_pack_global_tooltip_border_radius&quot;:{&quot;unit&quot;:&quot;px&quot;,&quot;top&quot;:&quot;&quot;,&quot;right&quot;:&quot;&quot;,&quot;bottom&quot;:&quot;&quot;,&quot;left&quot;:&quot;&quot;,&quot;isLinked&quot;:true},&quot;element_pack_global_tooltip_border_radius_tablet&quot;:{&quot;unit&quot;:&quot;px&quot;,&quot;top&quot;:&quot;&quot;,&quot;right&quot;:&quot;&quot;,&quot;bottom&quot;:&quot;&quot;,&quot;left&quot;:&quot;&quot;,&quot;isLinked&quot;:true},&quot;element_pack_global_tooltip_border_radius_mobile&quot;:{&quot;unit&quot;:&quot;px&quot;,&quot;top&quot;:&quot;&quot;,&quot;right&quot;:&quot;&quot;,&quot;bottom&quot;:&quot;&quot;,&quot;left&quot;:&quot;&quot;,&quot;isLinked&quot;:true}}\" data-elementor-post-type=\"page\">\n\t\t\t\t<div class=\"elementor-element elementor-element-0c1e2ed e-flex e-con-boxed e-con e-parent\" data-id=\"0c1e2ed\" data-element_type=\"container\">\n\t\t\t\t\t<div class=\"e-con-inner\">\n\t\t<div class=\"elementor-element elementor-element-22a5207 e-con-full e-flex e-con e-child\" data-id=\"22a5207\" data-element_type=\"container\">\n\t\t\t\t<div class=\"elementor-element elementor-element-14cd3a7 elementor-widget elementor-widget-heading\" data-id=\"14cd3a7\" data-element_type=\"widget\" data-widget_type=\"heading.default\">\n\t\t\t\t<div class=\"elementor-widget-container\">\n\t\t\t\t\t<h2 class=\"elementor-heading-title elementor-size-default\">Allgemeine Gesch\u00e4ftsbedingungen f\u00fcr LNS TRADE.fr<\/h2>\t\t\t\t<\/div>\n\t\t\t\t<\/div>\n\t\t\t\t<div class=\"elementor-element elementor-element-59b3555 elementor-widget elementor-widget-text-editor\" data-id=\"59b3555\" data-element_type=\"widget\" data-widget_type=\"text-editor.default\">\n\t\t\t\t<div class=\"elementor-widget-container\">\n\t\t\t\t\t\t\t\t\t<p>Zuletzt aktualisiert: 05 april 2024<\/p>\n<p>Willkommen bei LNS TRADE.fr. Wenn Sie diese Website weiter durchsuchen und nutzen, erkl\u00e4ren Sie sich mit den folgenden Nutzungsbedingungen einverstanden, die zusammen mit unserer Datenschutzrichtlinie die Beziehung zwischen LNS TRADE.fr und Ihnen in Bezug auf diese Website regeln. <\/p>\n\t\t\t\t\t\t\t\t<\/div>\n\t\t\t\t<\/div>\n\t\t\t\t<div class=\"elementor-element elementor-element-6beacb2 elementor-widget elementor-widget-heading\" data-id=\"6beacb2\" data-element_type=\"widget\" data-widget_type=\"heading.default\">\n\t\t\t\t<div class=\"elementor-widget-container\">\n\t\t\t\t\t<h3 class=\"elementor-heading-title elementor-size-default\">Website Nutzung<\/h3>\t\t\t\t<\/div>\n\t\t\t\t<\/div>\n\t\t\t\t<div class=\"elementor-element elementor-element-7a15e5c elementor-widget elementor-widget-text-editor\" data-id=\"7a15e5c\" data-element_type=\"widget\" data-widget_type=\"text-editor.default\">\n\t\t\t\t<div class=\"elementor-widget-container\">\n\t\t\t\t\t\t\t\t\t<ul>\n<li>Diese Website unterliegt den folgenden Nutzungsbedingungen:<\/li>\n<li>Der Inhalt der Seiten dieser Website dient nur zu Ihrer allgemeinen Information und Nutzung. Er kann ohne vorherige Ank\u00fcndigung ge\u00e4ndert werden. <\/li>\n<li>Weder wir noch Dritte geben eine Garantie oder Gew\u00e4hrleistung f\u00fcr die Richtigkeit, Aktualit\u00e4t, Leistung, Vollst\u00e4ndigkeit oder Eignung der auf dieser Website gefundenen oder angebotenen Informationen und Materialien f\u00fcr einen bestimmten Zweck.<\/li>\n<li>Die Nutzung von Informationen oder Materialien auf dieser Website erfolgt ausschlie\u00dflich auf Ihr eigenes Risiko, f\u00fcr das wir nicht haften. Es liegt in Ihrer eigenen Verantwortung, sicherzustellen, dass die auf dieser Website angebotenen Produkte, Dienstleistungen oder Informationen Ihren spezifischen Anforderungen entsprechen. <\/li>\n<\/ul>\n\t\t\t\t\t\t\t\t<\/div>\n\t\t\t\t<\/div>\n\t\t\t\t<div class=\"elementor-element elementor-element-0f39ad2 elementor-widget elementor-widget-heading\" data-id=\"0f39ad2\" data-element_type=\"widget\" data-widget_type=\"heading.default\">\n\t\t\t\t<div class=\"elementor-widget-container\">\n\t\t\t\t\t<h3 class=\"elementor-heading-title elementor-size-default\">Copyright<\/h3>\t\t\t\t<\/div>\n\t\t\t\t<\/div>\n\t\t\t\t<div class=\"elementor-element elementor-element-ab82cfa elementor-widget elementor-widget-text-editor\" data-id=\"ab82cfa\" data-element_type=\"widget\" data-widget_type=\"text-editor.default\">\n\t\t\t\t<div class=\"elementor-widget-container\">\n\t\t\t\t\t\t\t\t\t<p>Design, Layout, Aussehen, Erscheinungsbild und Grafiken der Website sind urheberrechtlich gesch\u00fctzt. Die Vervielf\u00e4ltigung ist nur in \u00dcbereinstimmung mit dem Urheberrechtsvermerk gestattet. <\/p>\n\t\t\t\t\t\t\t\t<\/div>\n\t\t\t\t<\/div>\n\t\t\t\t<div class=\"elementor-element elementor-element-13c43b5 elementor-widget elementor-widget-heading\" data-id=\"13c43b5\" data-element_type=\"widget\" data-widget_type=\"heading.default\">\n\t\t\t\t<div class=\"elementor-widget-container\">\n\t\t\t\t\t<h3 class=\"elementor-heading-title elementor-size-default\">Markenzeichen<\/h3>\t\t\t\t<\/div>\n\t\t\t\t<\/div>\n\t\t\t\t<div class=\"elementor-element elementor-element-4025a31 elementor-widget elementor-widget-text-editor\" data-id=\"4025a31\" data-element_type=\"widget\" data-widget_type=\"text-editor.default\">\n\t\t\t\t<div class=\"elementor-widget-container\">\n\t\t\t\t\t\t\t\t\t<p>Die Marken, Logos und Dienstleistungsmarken, die auf der Website angezeigt werden, sind Eigentum von LNS TRADE.fr oder anderen Dritten. Es ist den Nutzern nicht gestattet, diese Marken ohne die vorherige schriftliche Zustimmung von LNS TRADE.fr oder des Dritten, der Eigent\u00fcmer der Marke ist, zu verwenden. <\/p>\n\t\t\t\t\t\t\t\t<\/div>\n\t\t\t\t<\/div>\n\t\t\t\t<div class=\"elementor-element elementor-element-7a7c673 elementor-widget elementor-widget-heading\" data-id=\"7a7c673\" data-element_type=\"widget\" data-widget_type=\"heading.default\">\n\t\t\t\t<div class=\"elementor-widget-container\">\n\t\t\t\t\t<h3 class=\"elementor-heading-title elementor-size-default\">\u00c4nderungen der Bedingungen und Konditionen<\/h3>\t\t\t\t<\/div>\n\t\t\t\t<\/div>\n\t\t\t\t<div class=\"elementor-element elementor-element-8d848df elementor-widget elementor-widget-text-editor\" data-id=\"8d848df\" data-element_type=\"widget\" data-widget_type=\"text-editor.default\">\n\t\t\t\t<div class=\"elementor-widget-container\">\n\t\t\t\t\t\t\t\t\t<p>Wir behalten uns das Recht vor, diese Bedingungen jederzeit zu \u00e4ndern. Ihre fortgesetzte Nutzung der Website nach der Ver\u00f6ffentlichung von \u00c4nderungen wird als Zustimmung zu diesen \u00c4nderungen angesehen. <\/p>\n\t\t\t\t\t\t\t\t<\/div>\n\t\t\t\t<\/div>\n\t\t\t\t<div class=\"elementor-element elementor-element-9277225 elementor-widget elementor-widget-heading\" data-id=\"9277225\" data-element_type=\"widget\" data-widget_type=\"heading.default\">\n\t\t\t\t<div class=\"elementor-widget-container\">\n\t\t\t\t\t<h3 class=\"elementor-heading-title elementor-size-default\">Geltendes Recht<\/h3>\t\t\t\t<\/div>\n\t\t\t\t<\/div>\n\t\t\t\t<div class=\"elementor-element elementor-element-a10632a elementor-widget elementor-widget-text-editor\" data-id=\"a10632a\" data-element_type=\"widget\" data-widget_type=\"text-editor.default\">\n\t\t\t\t<div class=\"elementor-widget-container\">\n\t\t\t\t\t\t\t\t\t<p>Diese Bedingungen unterliegen den Gesetzen Frankreichs und werden in \u00dcbereinstimmung mit diesen ausgelegt, und Sie unterwerfen sich unwiderruflich der ausschlie\u00dflichen Zust\u00e4ndigkeit der Gerichte in diesem Staat oder an diesem Ort.<\/p>\n\t\t\t\t\t\t\t\t<\/div>\n\t\t\t\t<\/div>\n\t\t\t\t<div class=\"elementor-element elementor-element-2e4d5f2 elementor-widget elementor-widget-heading\" data-id=\"2e4d5f2\" data-element_type=\"widget\" data-widget_type=\"heading.default\">\n\t\t\t\t<div class=\"elementor-widget-container\">\n\t\t\t\t\t<h3 class=\"elementor-heading-title elementor-size-default\">Kontaktieren Sie uns<\/h3>\t\t\t\t<\/div>\n\t\t\t\t<\/div>\n\t\t\t\t<div class=\"elementor-element elementor-element-b0f19c3 elementor-widget elementor-widget-text-editor\" data-id=\"b0f19c3\" data-element_type=\"widget\" data-widget_type=\"text-editor.default\">\n\t\t\t\t<div class=\"elementor-widget-container\">\n\t\t\t\t\t\t\t\t\t<p>Wenn Sie Fragen zu diesen Bedingungen haben, kontaktieren Sie uns bitte unter: info@lsntrade.fr<\/p>\n\t\t\t\t\t\t\t\t<\/div>\n\t\t\t\t<\/div>\n\t\t\t\t<\/div>\n\t\t\t\t\t<\/div>\n\t\t\t\t<\/div>\n\t\t\t\t<\/div>\n\t\t","protected":false},"excerpt":{"rendered":"<p>Allgemeine Gesch\u00e4ftsbedingungen f\u00fcr LNS TRADE.fr Zuletzt aktualisiert: 05 april 2024 Willkommen bei LNS TRADE.fr. Wenn Sie diese Website weiter durchsuchen und nutzen, [&hellip;]<\/p>\n","protected":false},"author":1,"featured_media":0,"parent":0,"menu_order":0,"comment_status":"closed","ping_status":"closed","template":"","meta":{"content-type":"","footnotes":""},"class_list":["post-5022","page","type-page","status-publish","hentry"],"_links":{"self":[{"href":"https:\/\/lnstrade.fr\/de\/wp-json\/wp\/v2\/pages\/5022","targetHints":{"allow":["GET"]}}],"collection":[{"href":"https:\/\/lnstrade.fr\/de\/wp-json\/wp\/v2\/pages"}],"about":[{"href":"https:\/\/lnstrade.fr\/de\/wp-json\/wp\/v2\/types\/page"}],"author":[{"embeddable":true,"href":"https:\/\/lnstrade.fr\/de\/wp-json\/wp\/v2\/users\/1"}],"replies":[{"embeddable":true,"href":"https:\/\/lnstrade.fr\/de\/wp-json\/wp\/v2\/comments?post=5022"}],"version-history":[{"count":4,"href":"https:\/\/lnstrade.fr\/de\/wp-json\/wp\/v2\/pages\/5022\/revisions"}],"predecessor-version":[{"id":5056,"href":"https:\/\/lnstrade.fr\/de\/wp-json\/wp\/v2\/pages\/5022\/revisions\/5056"}],"wp:attachment":[{"href":"https:\/\/lnstrade.fr\/de\/wp-json\/wp\/v2\/media?parent=5022"}],"curies":[{"name":"wp","href":"https:\/\/api.w.org\/{rel}","templated":true}]}}