{"id":5018,"date":"2024-07-29T16:34:50","date_gmt":"2024-07-29T14:34:50","guid":{"rendered":"https:\/\/lnstrade.fr\/datenschutzbestimmungen\/"},"modified":"2025-08-20T17:33:06","modified_gmt":"2025-08-20T15:33:06","slug":"datenschutzbestimmungen","status":"publish","type":"page","link":"https:\/\/lnstrade.fr\/de\/datenschutzbestimmungen\/","title":{"rendered":"Datenschutzbestimmungen"},"content":{"rendered":"\t\t<div data-elementor-type=\"wp-page\" data-elementor-id=\"5018\" class=\"elementor elementor-5018 elementor-702\" data-elementor-settings=\"{&quot;element_pack_global_tooltip_width&quot;:{&quot;unit&quot;:&quot;px&quot;,&quot;size&quot;:&quot;&quot;,&quot;sizes&quot;:[]},&quot;element_pack_global_tooltip_width_tablet&quot;:{&quot;unit&quot;:&quot;px&quot;,&quot;size&quot;:&quot;&quot;,&quot;sizes&quot;:[]},&quot;element_pack_global_tooltip_width_mobile&quot;:{&quot;unit&quot;:&quot;px&quot;,&quot;size&quot;:&quot;&quot;,&quot;sizes&quot;:[]},&quot;element_pack_global_tooltip_padding&quot;:{&quot;unit&quot;:&quot;px&quot;,&quot;top&quot;:&quot;&quot;,&quot;right&quot;:&quot;&quot;,&quot;bottom&quot;:&quot;&quot;,&quot;left&quot;:&quot;&quot;,&quot;isLinked&quot;:true},&quot;element_pack_global_tooltip_padding_tablet&quot;:{&quot;unit&quot;:&quot;px&quot;,&quot;top&quot;:&quot;&quot;,&quot;right&quot;:&quot;&quot;,&quot;bottom&quot;:&quot;&quot;,&quot;left&quot;:&quot;&quot;,&quot;isLinked&quot;:true},&quot;element_pack_global_tooltip_padding_mobile&quot;:{&quot;unit&quot;:&quot;px&quot;,&quot;top&quot;:&quot;&quot;,&quot;right&quot;:&quot;&quot;,&quot;bottom&quot;:&quot;&quot;,&quot;left&quot;:&quot;&quot;,&quot;isLinked&quot;:true},&quot;element_pack_global_tooltip_border_radius&quot;:{&quot;unit&quot;:&quot;px&quot;,&quot;top&quot;:&quot;&quot;,&quot;right&quot;:&quot;&quot;,&quot;bottom&quot;:&quot;&quot;,&quot;left&quot;:&quot;&quot;,&quot;isLinked&quot;:true},&quot;element_pack_global_tooltip_border_radius_tablet&quot;:{&quot;unit&quot;:&quot;px&quot;,&quot;top&quot;:&quot;&quot;,&quot;right&quot;:&quot;&quot;,&quot;bottom&quot;:&quot;&quot;,&quot;left&quot;:&quot;&quot;,&quot;isLinked&quot;:true},&quot;element_pack_global_tooltip_border_radius_mobile&quot;:{&quot;unit&quot;:&quot;px&quot;,&quot;top&quot;:&quot;&quot;,&quot;right&quot;:&quot;&quot;,&quot;bottom&quot;:&quot;&quot;,&quot;left&quot;:&quot;&quot;,&quot;isLinked&quot;:true}}\" data-elementor-post-type=\"page\">\n\t\t\t\t<div class=\"elementor-element elementor-element-21c35bb e-flex e-con-boxed e-con e-parent\" data-id=\"21c35bb\" data-element_type=\"container\">\n\t\t\t\t\t<div class=\"e-con-inner\">\n\t\t\t\t\t<\/div>\n\t\t\t\t<\/div>\n\t\t<div class=\"elementor-element elementor-element-345fe3f e-flex e-con-boxed e-con e-parent\" data-id=\"345fe3f\" data-element_type=\"container\">\n\t\t\t\t\t<div class=\"e-con-inner\">\n\t\t\t\t<div class=\"elementor-element elementor-element-8b3b8cf elementor-widget elementor-widget-heading\" data-id=\"8b3b8cf\" data-element_type=\"widget\" data-widget_type=\"heading.default\">\n\t\t\t\t<div class=\"elementor-widget-container\">\n\t\t\t\t\t<h2 class=\"elementor-heading-title elementor-size-default\">Datenschutzrichtlinie f\u00fcr LNS TRADE.fr<\/h2>\t\t\t\t<\/div>\n\t\t\t\t<\/div>\n\t\t\t\t\t<\/div>\n\t\t\t\t<\/div>\n\t\t<div class=\"elementor-element elementor-element-5101536 e-flex e-con-boxed e-con e-parent\" data-id=\"5101536\" data-element_type=\"container\">\n\t\t\t\t\t<div class=\"e-con-inner\">\n\t\t\t\t<div class=\"elementor-element elementor-element-63852f0 elementor-widget elementor-widget-text-editor\" data-id=\"63852f0\" data-element_type=\"widget\" data-widget_type=\"text-editor.default\">\n\t\t\t\t<div class=\"elementor-widget-container\">\n\t\t\t\t\t\t\t\t\tDatum des Inkrafttretens: 05 april 2024<\/p>\n<p>LNS TRADE.fr, mit Sitz in Frankreich, verpflichtet sich, die Privatsph\u00e4re und die Sicherheit der Besucher und Kunden unserer Website zu sch\u00fctzen. Diese Datenschutzrichtlinie beschreibt die Arten von Informationen, die wir von Ihnen sammeln oder die Sie uns zur Verf\u00fcgung stellen, wenn Sie die Website LNS TRADE.fr besuchen, sowie unsere Praktiken zur Sammlung, Verwendung, Pflege, zum Schutz und zur Offenlegung dieser Informationen. <\/p>\n\t\t\t\t\t\t\t\t<\/div>\n\t\t\t\t<\/div>\n\t\t\t\t<div class=\"elementor-element elementor-element-276766b elementor-widget elementor-widget-heading\" data-id=\"276766b\" data-element_type=\"widget\" data-widget_type=\"heading.default\">\n\t\t\t\t<div class=\"elementor-widget-container\">\n\t\t\t\t\t<h3 class=\"elementor-heading-title elementor-size-default\">Informationen, die wir sammeln<\/h3>\t\t\t\t<\/div>\n\t\t\t\t<\/div>\n\t\t\t\t<div class=\"elementor-element elementor-element-87abfb8 elementor-widget elementor-widget-heading\" data-id=\"87abfb8\" data-element_type=\"widget\" data-widget_type=\"heading.default\">\n\t\t\t\t<div class=\"elementor-widget-container\">\n\t\t\t\t\t<p class=\"elementor-heading-title elementor-size-default\">Wir sammeln verschiedene Arten von Informationen von und \u00fcber Nutzer unserer Website, einschlie\u00dflich Informationen:<\/p><ul><li><span style=\"font-weight: 700\">Pers\u00f6nliche Identifikationsdaten<\/span>: Name, E-Mail-Adresse, Telefonnummer usw., die Sie beim Ausf\u00fcllen von Formularen auf unserer Website angeben. Dazu geh\u00f6ren auch Informationen, die Sie bei der Anmeldung zu unserem Dienst oder bei der Anforderung weiterer Dienste angeben. <\/li><li><span style=\"font-weight: 700\">Nicht-pers\u00f6nliche Identifikationsdaten<\/span>: Wir k\u00f6nnen nicht-personenbezogene Daten zur Identifizierung von Benutzern sammeln, wenn diese mit unserer Website interagieren. Zu den nicht personenbezogenen Daten geh\u00f6ren der Name des Browsers, die Art des Computers und technische Informationen \u00fcber die Art und Weise, wie der Nutzer mit unserer Website verbunden ist, wie z. B. das Betriebssystem, der verwendete Internetdienstanbieter und andere \u00e4hnliche Informationen. <\/li><\/ul><\/p>\t\t\t\t<\/div>\n\t\t\t\t<\/div>\n\t\t\t\t<div class=\"elementor-element elementor-element-ea9221a elementor-widget elementor-widget-heading\" data-id=\"ea9221a\" data-element_type=\"widget\" data-widget_type=\"heading.default\">\n\t\t\t\t<div class=\"elementor-widget-container\">\n\t\t\t\t\t<h3 class=\"elementor-heading-title elementor-size-default\">Verwendung Ihrer Informationen <\/h3>\t\t\t\t<\/div>\n\t\t\t\t<\/div>\n\t\t\t\t<div class=\"elementor-element elementor-element-2331157 elementor-widget elementor-widget-heading\" data-id=\"2331157\" data-element_type=\"widget\" data-widget_type=\"heading.default\">\n\t\t\t\t<div class=\"elementor-widget-container\">\n\t\t\t\t\t<p class=\"elementor-heading-title elementor-size-default\">Wir verwenden die Informationen, die wir \u00fcber Sie sammeln oder die Sie uns zur Verf\u00fcgung stellen, einschlie\u00dflich aller pers\u00f6nlichen Informationen:\nUm Ihnen unsere Website und ihre Inhalte zu pr\u00e4sentieren.<\/li><li>Um Sie mit Informationen, Produkten oder Dienstleistungen zu versorgen, die Sie von uns anfordern.<\/li><li>Um jeden anderen Zweck zu erf\u00fcllen, f\u00fcr den Sie sie zur Verf\u00fcgung stellen.<\/li><li>Um Sie \u00fcber \u00c4nderungen an unserer Website oder an Produkten oder Dienstleistungen zu informieren, die wir \u00fcber diese Website anbieten oder erbringen.<\/li><li>F\u00fcr jeden anderen Zweck mit Ihrer Zustimmung.<\/li><\/ul><\/p>\t\t\t\t<\/div>\n\t\t\t\t<\/div>\n\t\t\t\t<div class=\"elementor-element elementor-element-476b12f elementor-widget elementor-widget-heading\" data-id=\"476b12f\" data-element_type=\"widget\" data-widget_type=\"heading.default\">\n\t\t\t\t<div class=\"elementor-widget-container\">\n\t\t\t\t\t<h3 class=\"elementor-heading-title elementor-size-default\">Offenlegung Ihrer Informationen<\/h3>\t\t\t\t<\/div>\n\t\t\t\t<\/div>\n\t\t\t\t<div class=\"elementor-element elementor-element-801e2bd elementor-widget elementor-widget-text-editor\" data-id=\"801e2bd\" data-element_type=\"widget\" data-widget_type=\"text-editor.default\">\n\t\t\t\t<div class=\"elementor-widget-container\">\n\t\t\t\t\t\t\t\t\tWir verkaufen, tauschen oder vermieten die pers\u00f6nlichen Daten der Benutzer nicht an Dritte. Wir k\u00f6nnen allgemeine, zusammengefasste demografische Informationen, die nicht mit pers\u00f6nlichen Identifikationsdaten \u00fcber Besucher und Nutzer verkn\u00fcpft sind, an unsere Gesch\u00e4ftspartner, vertrauensw\u00fcrdige Tochtergesellschaften und Werbetreibende zu den oben genannten Zwecken weitergeben. <\/p>\n\t\t\t\t\t\t\t\t<\/div>\n\t\t\t\t<\/div>\n\t\t\t\t<div class=\"elementor-element elementor-element-1c1b055 elementor-widget elementor-widget-heading\" data-id=\"1c1b055\" data-element_type=\"widget\" data-widget_type=\"heading.default\">\n\t\t\t\t<div class=\"elementor-widget-container\">\n\t\t\t\t\t<h3 class=\"elementor-heading-title elementor-size-default\">Datensicherheit<\/h3>\t\t\t\t<\/div>\n\t\t\t\t<\/div>\n\t\t\t\t<div class=\"elementor-element elementor-element-ce7699d elementor-widget elementor-widget-text-editor\" data-id=\"ce7699d\" data-element_type=\"widget\" data-widget_type=\"text-editor.default\">\n\t\t\t\t<div class=\"elementor-widget-container\">\n\t\t\t\t\t\t\t\t\t<p>Wir setzen eine Reihe von Sicherheitsma\u00dfnahmen ein, wenn ein Benutzer eine Bestellung aufgibt, seine Daten eingibt, \u00fcbermittelt oder darauf zugreift, um die Sicherheit Ihrer pers\u00f6nlichen Daten zu gew\u00e4hrleisten.<\/p>\n\t\t\t\t\t\t\t\t<\/div>\n\t\t\t\t<\/div>\n\t\t\t\t<div class=\"elementor-element elementor-element-ca17ccd elementor-widget elementor-widget-heading\" data-id=\"ca17ccd\" data-element_type=\"widget\" data-widget_type=\"heading.default\">\n\t\t\t\t<div class=\"elementor-widget-container\">\n\t\t\t\t\t<h3 class=\"elementor-heading-title elementor-size-default\">\u00c4nderungen an unserer Datenschutzrichtlinie<\/h3>\t\t\t\t<\/div>\n\t\t\t\t<\/div>\n\t\t\t\t<div class=\"elementor-element elementor-element-12dd1d8 elementor-widget elementor-widget-text-editor\" data-id=\"12dd1d8\" data-element_type=\"widget\" data-widget_type=\"text-editor.default\">\n\t\t\t\t<div class=\"elementor-widget-container\">\n\t\t\t\t\t\t\t\t\t<p>Wir verpflichten uns, alle \u00c4nderungen an unserer Datenschutzrichtlinie auf dieser Seite zu ver\u00f6ffentlichen. Das Datum der letzten \u00dcberarbeitung der Datenschutzrichtlinie ist oben auf der Seite angegeben. <\/p>\n\t\t\t\t\t\t\t\t<\/div>\n\t\t\t\t<\/div>\n\t\t\t\t<div class=\"elementor-element elementor-element-b780e37 elementor-widget elementor-widget-heading\" data-id=\"b780e37\" data-element_type=\"widget\" data-widget_type=\"heading.default\">\n\t\t\t\t<div class=\"elementor-widget-container\">\n\t\t\t\t\t<h3 class=\"elementor-heading-title elementor-size-default\">Kontaktinformationen<\/h3>\t\t\t\t<\/div>\n\t\t\t\t<\/div>\n\t\t\t\t<div class=\"elementor-element elementor-element-addd324 elementor-widget elementor-widget-text-editor\" data-id=\"addd324\" data-element_type=\"widget\" data-widget_type=\"text-editor.default\">\n\t\t\t\t<div class=\"elementor-widget-container\">\n\t\t\t\t\t\t\t\t\t<p>Wenn Sie Fragen oder Anmerkungen zu dieser Datenschutzrichtlinie und unseren Datenschutzpraktiken haben, kontaktieren Sie uns unter: info@lsntrade.fr<\/p>\n\t\t\t\t\t\t\t\t<\/div>\n\t\t\t\t<\/div>\n\t\t\t\t\t<\/div>\n\t\t\t\t<\/div>\n\t\t\t\t<\/div>\n\t\t","protected":false},"excerpt":{"rendered":"<p>Datenschutzrichtlinie f\u00fcr LNS TRADE.fr Datum des Inkrafttretens: 05 april 2024 LNS TRADE.fr, mit Sitz in Frankreich, verpflichtet sich, die Privatsph\u00e4re und die [&hellip;]<\/p>\n","protected":false},"author":1,"featured_media":0,"parent":0,"menu_order":0,"comment_status":"closed","ping_status":"closed","template":"","meta":{"content-type":"","footnotes":""},"class_list":["post-5018","page","type-page","status-publish","hentry"],"_links":{"self":[{"href":"https:\/\/lnstrade.fr\/de\/wp-json\/wp\/v2\/pages\/5018","targetHints":{"allow":["GET"]}}],"collection":[{"href":"https:\/\/lnstrade.fr\/de\/wp-json\/wp\/v2\/pages"}],"about":[{"href":"https:\/\/lnstrade.fr\/de\/wp-json\/wp\/v2\/types\/page"}],"author":[{"embeddable":true,"href":"https:\/\/lnstrade.fr\/de\/wp-json\/wp\/v2\/users\/1"}],"replies":[{"embeddable":true,"href":"https:\/\/lnstrade.fr\/de\/wp-json\/wp\/v2\/comments?post=5018"}],"version-history":[{"count":10,"href":"https:\/\/lnstrade.fr\/de\/wp-json\/wp\/v2\/pages\/5018\/revisions"}],"predecessor-version":[{"id":11152,"href":"https:\/\/lnstrade.fr\/de\/wp-json\/wp\/v2\/pages\/5018\/revisions\/11152"}],"wp:attachment":[{"href":"https:\/\/lnstrade.fr\/de\/wp-json\/wp\/v2\/media?parent=5018"}],"curies":[{"name":"wp","href":"https:\/\/api.w.org\/{rel}","templated":true}]}}