{"id":5016,"date":"2024-07-29T16:44:45","date_gmt":"2024-07-29T14:44:45","guid":{"rendered":"https:\/\/lnstrade.fr\/cookie-richtlinie\/"},"modified":"2024-10-04T13:48:56","modified_gmt":"2024-10-04T11:48:56","slug":"cookie-richtlinie","status":"publish","type":"page","link":"https:\/\/lnstrade.fr\/de\/cookie-richtlinie\/","title":{"rendered":"Cookie-Richtlinie"},"content":{"rendered":"\t\t<div data-elementor-type=\"wp-page\" data-elementor-id=\"5016\" class=\"elementor elementor-5016 elementor-726\" data-elementor-settings=\"{&quot;element_pack_global_tooltip_width&quot;:{&quot;unit&quot;:&quot;px&quot;,&quot;size&quot;:&quot;&quot;,&quot;sizes&quot;:[]},&quot;element_pack_global_tooltip_width_tablet&quot;:{&quot;unit&quot;:&quot;px&quot;,&quot;size&quot;:&quot;&quot;,&quot;sizes&quot;:[]},&quot;element_pack_global_tooltip_width_mobile&quot;:{&quot;unit&quot;:&quot;px&quot;,&quot;size&quot;:&quot;&quot;,&quot;sizes&quot;:[]},&quot;element_pack_global_tooltip_padding&quot;:{&quot;unit&quot;:&quot;px&quot;,&quot;top&quot;:&quot;&quot;,&quot;right&quot;:&quot;&quot;,&quot;bottom&quot;:&quot;&quot;,&quot;left&quot;:&quot;&quot;,&quot;isLinked&quot;:true},&quot;element_pack_global_tooltip_padding_tablet&quot;:{&quot;unit&quot;:&quot;px&quot;,&quot;top&quot;:&quot;&quot;,&quot;right&quot;:&quot;&quot;,&quot;bottom&quot;:&quot;&quot;,&quot;left&quot;:&quot;&quot;,&quot;isLinked&quot;:true},&quot;element_pack_global_tooltip_padding_mobile&quot;:{&quot;unit&quot;:&quot;px&quot;,&quot;top&quot;:&quot;&quot;,&quot;right&quot;:&quot;&quot;,&quot;bottom&quot;:&quot;&quot;,&quot;left&quot;:&quot;&quot;,&quot;isLinked&quot;:true},&quot;element_pack_global_tooltip_border_radius&quot;:{&quot;unit&quot;:&quot;px&quot;,&quot;top&quot;:&quot;&quot;,&quot;right&quot;:&quot;&quot;,&quot;bottom&quot;:&quot;&quot;,&quot;left&quot;:&quot;&quot;,&quot;isLinked&quot;:true},&quot;element_pack_global_tooltip_border_radius_tablet&quot;:{&quot;unit&quot;:&quot;px&quot;,&quot;top&quot;:&quot;&quot;,&quot;right&quot;:&quot;&quot;,&quot;bottom&quot;:&quot;&quot;,&quot;left&quot;:&quot;&quot;,&quot;isLinked&quot;:true},&quot;element_pack_global_tooltip_border_radius_mobile&quot;:{&quot;unit&quot;:&quot;px&quot;,&quot;top&quot;:&quot;&quot;,&quot;right&quot;:&quot;&quot;,&quot;bottom&quot;:&quot;&quot;,&quot;left&quot;:&quot;&quot;,&quot;isLinked&quot;:true}}\" data-elementor-post-type=\"page\">\n\t\t\t\t<div class=\"elementor-element elementor-element-0174ceb e-flex e-con-boxed e-con e-parent\" data-id=\"0174ceb\" data-element_type=\"container\">\n\t\t\t\t\t<div class=\"e-con-inner\">\n\t\t\t\t<div class=\"elementor-element elementor-element-6ef2c12 elementor-widget elementor-widget-heading\" data-id=\"6ef2c12\" data-element_type=\"widget\" data-widget_type=\"heading.default\">\n\t\t\t\t<div class=\"elementor-widget-container\">\n\t\t\t\t\t<h2 class=\"elementor-heading-title elementor-size-default\"> Cookie-Richtlinie f\u00fcr LNS TRADE.fr<\/h2>\t\t\t\t<\/div>\n\t\t\t\t<\/div>\n\t\t\t\t<div class=\"elementor-element elementor-element-160a959 elementor-widget elementor-widget-text-editor\" data-id=\"160a959\" data-element_type=\"widget\" data-widget_type=\"text-editor.default\">\n\t\t\t\t<div class=\"elementor-widget-container\">\n\t\t\t\t\t\t\t\t\t<p>Zuletzt aktualisiert: 05 april 2024<\/p>\n<p>Diese Cookie-Richtlinie erkl\u00e4rt, wie LNS TRADE.fr (\u201ewir\u201c, \u201euns\u201c und \u201eunser\u201c) Cookies und \u00e4hnliche Technologien verwendet, um Sie zu erkennen, wenn Sie unsere Website LNS TRADE.fr (\u201eWebsite\u201c) besuchen. Sie erkl\u00e4rt, was diese Technologien sind und warum wir sie verwenden, sowie Ihre Rechte, unsere Verwendung zu kontrollieren. <\/p>\n\t\t\t\t\t\t\t\t<\/div>\n\t\t\t\t<\/div>\n\t\t\t\t\t<\/div>\n\t\t\t\t<\/div>\n\t\t<div class=\"elementor-element elementor-element-f5e03e7 e-flex e-con-boxed e-con e-parent\" data-id=\"f5e03e7\" data-element_type=\"container\">\n\t\t\t\t\t<div class=\"e-con-inner\">\n\t\t\t\t<div class=\"elementor-element elementor-element-27e4a0e elementor-widget elementor-widget-heading\" data-id=\"27e4a0e\" data-element_type=\"widget\" data-widget_type=\"heading.default\">\n\t\t\t\t<div class=\"elementor-widget-container\">\n\t\t\t\t\t<h3 class=\"elementor-heading-title elementor-size-default\">Was sind Cookies?<\/h3>\t\t\t\t<\/div>\n\t\t\t\t<\/div>\n\t\t\t\t<div class=\"elementor-element elementor-element-395985d elementor-widget elementor-widget-text-editor\" data-id=\"395985d\" data-element_type=\"widget\" data-widget_type=\"text-editor.default\">\n\t\t\t\t<div class=\"elementor-widget-container\">\n\t\t\t\t\t\t\t\t\t<ul>\n<li>\n<p>Cookies sind kleine Datendateien, die auf Ihrem Computer oder Mobilger\u00e4t gespeichert werden, wenn Sie eine Website besuchen. Cookies werden von Website-Besitzern h\u00e4ufig verwendet, um ihre Websites funktionsf\u00e4hig zu machen oder effizienter zu gestalten sowie um Berichtsinformationen bereitzustellen. <\/p>\n<p>Cookies, die vom Eigent\u00fcmer der Website (in diesem Fall LNS TRADE.fr) gesetzt werden, nennt man \u201eErstanbieter-Cookies\u201c. Cookies, die von anderen Parteien als dem Eigent\u00fcmer der Website gesetzt werden, werden als \u201eDrittanbieter-Cookies\u201c bezeichnet. Cookies von Drittanbietern erm\u00f6glichen die Bereitstellung von Merkmalen oder Funktionen von Drittanbietern auf oder \u00fcber die Website (z. B. Werbung, interaktive Inhalte und Analysen). Die Parteien, die diese Drittanbieter-Cookies setzen, k\u00f6nnen Ihren Computer sowohl beim Besuch der betreffenden Website als auch beim Besuch bestimmter anderer Websites erkennen.   <\/p>\n<\/li>\n<\/ul>\n\t\t\t\t\t\t\t\t<\/div>\n\t\t\t\t<\/div>\n\t\t\t\t\t<\/div>\n\t\t\t\t<\/div>\n\t\t<div class=\"elementor-element elementor-element-4b80842 e-flex e-con-boxed e-con e-parent\" data-id=\"4b80842\" data-element_type=\"container\">\n\t\t\t\t\t<div class=\"e-con-inner\">\n\t\t\t\t<div class=\"elementor-element elementor-element-14ff345 elementor-widget elementor-widget-heading\" data-id=\"14ff345\" data-element_type=\"widget\" data-widget_type=\"heading.default\">\n\t\t\t\t<div class=\"elementor-widget-container\">\n\t\t\t\t\t<h3 class=\"elementor-heading-title elementor-size-default\">Warum verwenden wir Cookies?<\/h3>\t\t\t\t<\/div>\n\t\t\t\t<\/div>\n\t\t\t\t<div class=\"elementor-element elementor-element-2fbd32e elementor-widget elementor-widget-text-editor\" data-id=\"2fbd32e\" data-element_type=\"widget\" data-widget_type=\"text-editor.default\">\n\t\t\t\t<div class=\"elementor-widget-container\">\n\t\t\t\t\t\t\t\t\t<p>Wir verwenden Erstanbieter- und Drittanbieter-Cookies aus verschiedenen Gr\u00fcnden. Einige Cookies sind aus technischen Gr\u00fcnden erforderlich, damit unsere Website funktioniert, und wir bezeichnen diese als \u201ewesentliche\u201c oder \u201eunbedingt notwendige\u201c Cookies. Andere Cookies erm\u00f6glichen es uns au\u00dferdem, die Interessen unserer Nutzer zu verfolgen und gezielt zu verfolgen, um die Erfahrung auf unserer Website zu verbessern. Dritte setzen \u00fcber unsere Website Cookies zu Werbe-, Analyse- und anderen Zwecken ein.   <\/p>\n\t\t\t\t\t\t\t\t<\/div>\n\t\t\t\t<\/div>\n\t\t\t\t\t<\/div>\n\t\t\t\t<\/div>\n\t\t<div class=\"elementor-element elementor-element-8fba510 e-flex e-con-boxed e-con e-parent\" data-id=\"8fba510\" data-element_type=\"container\">\n\t\t\t\t\t<div class=\"e-con-inner\">\n\t\t\t\t<div class=\"elementor-element elementor-element-155e4e1 elementor-widget elementor-widget-heading\" data-id=\"155e4e1\" data-element_type=\"widget\" data-widget_type=\"heading.default\">\n\t\t\t\t<div class=\"elementor-widget-container\">\n\t\t\t\t\t<h3 class=\"elementor-heading-title elementor-size-default\">Welche Arten von Cookies verwenden wir? <\/h3>\t\t\t\t<\/div>\n\t\t\t\t<\/div>\n\t\t\t\t<div class=\"elementor-element elementor-element-b4508e5 elementor-widget elementor-widget-text-editor\" data-id=\"b4508e5\" data-element_type=\"widget\" data-widget_type=\"text-editor.default\">\n\t\t\t\t<div class=\"elementor-widget-container\">\n\t\t\t\t\t\t\t\t\t<ul>\n<li>\n<p><strong>Wesentliche Website-Cookies:<\/strong> Diese Cookies sind unbedingt erforderlich, um Ihnen die \u00fcber unsere Website verf\u00fcgbaren Dienste zur Verf\u00fcgung zu stellen und einige ihrer Funktionen zu nutzen, wie z.B. den Zugang zu sicheren Bereichen.<\/p>\n<\/li>\n<li>\n<p><strong>Analytische\/Leistungs-Cookies:<\/strong> Sie erm\u00f6glichen es uns, die Anzahl der Besucher zu erkennen und zu z\u00e4hlen und zu sehen, wie sich die Besucher auf unserer Website bewegen, wenn sie sie nutzen. Dies hilft uns, die Funktionsweise unserer Website zu verbessern, indem wir zum Beispiel sicherstellen, dass die Nutzer leicht finden, wonach sie suchen. <\/p>\n<\/li>\n<li>\n<p><strong>Funktionale Cookies:<\/strong> Diese werden verwendet, um Sie zu erkennen, wenn Sie auf unsere Website zur\u00fcckkehren. Dies erm\u00f6glicht es uns, unsere Inhalte f\u00fcr Sie zu personalisieren, Sie mit Ihrem Namen zu begr\u00fc\u00dfen und Ihre Pr\u00e4ferenzen zu speichern. <\/p>\n<\/li>\n<li>\n<p><strong>Zielgerichtete Cookies:<\/strong> Diese Cookies speichern Ihren Besuch auf unserer Website, die Seiten, die Sie besucht haben, und die Links, denen Sie gefolgt sind. Wir verwenden diese Informationen, um unsere Website und die darauf angezeigte Werbung besser auf Ihre Interessen abzustimmen. <\/p>\n<\/li>\n<\/ul>\n\t\t\t\t\t\t\t\t<\/div>\n\t\t\t\t<\/div>\n\t\t\t\t\t<\/div>\n\t\t\t\t<\/div>\n\t\t<div class=\"elementor-element elementor-element-1851226 e-flex e-con-boxed e-con e-parent\" data-id=\"1851226\" data-element_type=\"container\">\n\t\t\t\t\t<div class=\"e-con-inner\">\n\t\t\t\t<div class=\"elementor-element elementor-element-68e21ca elementor-widget elementor-widget-heading\" data-id=\"68e21ca\" data-element_type=\"widget\" data-widget_type=\"heading.default\">\n\t\t\t\t<div class=\"elementor-widget-container\">\n\t\t\t\t\t<h3 class=\"elementor-heading-title elementor-size-default\">Wie kann ich Cookies kontrollieren?<\/h3>\t\t\t\t<\/div>\n\t\t\t\t<\/div>\n\t\t\t\t<div class=\"elementor-element elementor-element-0c9becf elementor-widget elementor-widget-text-editor\" data-id=\"0c9becf\" data-element_type=\"widget\" data-widget_type=\"text-editor.default\">\n\t\t\t\t<div class=\"elementor-widget-container\">\n\t\t\t\t\t\t\t\t\t<p>Sie haben das Recht zu entscheiden, ob Sie Cookies akzeptieren oder ablehnen. Sie k\u00f6nnen Ihre Rechte in Bezug auf Cookies aus\u00fcben, indem Sie Ihre Einstellungen im Cookie Consent Manager vornehmen. Mit dem Cookie Consent Manager k\u00f6nnen Sie ausw\u00e4hlen, welche Kategorien von Cookies Sie akzeptieren oder ablehnen. Unverzichtbare Cookies k\u00f6nnen nicht abgelehnt werden, da sie unbedingt erforderlich sind, um Ihnen Dienste zur Verf\u00fcgung zu stellen.   <\/p>\n\t\t\t\t\t\t\t\t<\/div>\n\t\t\t\t<\/div>\n\t\t\t\t<div class=\"elementor-element elementor-element-b0e3f3b elementor-widget elementor-widget-heading\" data-id=\"b0e3f3b\" data-element_type=\"widget\" data-widget_type=\"heading.default\">\n\t\t\t\t<div class=\"elementor-widget-container\">\n\t\t\t\t\t<h3 class=\"elementor-heading-title elementor-size-default\">Wo kann ich weitere Informationen erhalten?<\/h3>\t\t\t\t<\/div>\n\t\t\t\t<\/div>\n\t\t\t\t<div class=\"elementor-element elementor-element-45bcac3 elementor-widget elementor-widget-text-editor\" data-id=\"45bcac3\" data-element_type=\"widget\" data-widget_type=\"text-editor.default\">\n\t\t\t\t<div class=\"elementor-widget-container\">\n\t\t\t\t\t\t\t\t\t<section class=\"elementor-section elementor-top-section elementor-element elementor-element-fd948e4 elementor-section-boxed elementor-section-height-default elementor-section-height-default\" data-id=\"fd948e4\" data-element_type=\"section\">\n<div class=\"elementor-container elementor-column-gap-default\">\n<div class=\"elementor-column elementor-col-100 elementor-top-column elementor-element elementor-element-7da965e\" data-id=\"7da965e\" data-element_type=\"column\">\n<div class=\"elementor-widget-wrap elementor-element-populated\">\n<div class=\"elementor-element elementor-element-8983977 elementor-widget elementor-widget-text-editor\" data-id=\"8983977\" data-element_type=\"widget\" data-widget_type=\"text-editor.default\">\n<div class=\"elementor-widget-container\">\n<p>Wenn Sie Fragen zu unserer Verwendung von Cookies oder anderen Technologien haben, senden Sie uns bitte eine E-Mail an: info@lsntrade.fr<\/p>\n<\/div>\n<\/div>\n<\/div>\n<\/div>\n<\/div>\n<\/section>\n<section class=\"elementor-section elementor-top-section elementor-element elementor-element-2c359a1 elementor-section-boxed elementor-section-height-default elementor-section-height-default\" data-id=\"2c359a1\" data-element_type=\"section\">\n<div class=\"elementor-container elementor-column-gap-default\">\n<div class=\"elementor-column elementor-col-100 elementor-top-column elementor-element elementor-element-695d314\" data-id=\"695d314\" data-element_type=\"column\">\n<div class=\"elementor-widget-wrap elementor-element-populated\">\n<div class=\"elementor-element elementor-element-71f0506 elementor-widget elementor-widget-spacer\" data-id=\"71f0506\" data-element_type=\"widget\" data-widget_type=\"spacer.default\">\n<div class=\"elementor-widget-container\">\n<div class=\"elementor-spacer\"> <\/div>\n<\/div>\n<\/div>\n<\/div>\n<\/div>\n<\/div>\n<\/section>\n\t\t\t\t\t\t\t\t<\/div>\n\t\t\t\t<\/div>\n\t\t\t\t\t<\/div>\n\t\t\t\t<\/div>\n\t\t\t\t<\/div>\n\t\t","protected":false},"excerpt":{"rendered":"<p>Cookie-Richtlinie f\u00fcr LNS TRADE.fr Zuletzt aktualisiert: 05 april 2024 Diese Cookie-Richtlinie erkl\u00e4rt, wie LNS TRADE.fr (\u201ewir\u201c, \u201euns\u201c und \u201eunser\u201c) Cookies und \u00e4hnliche [&hellip;]<\/p>\n","protected":false},"author":1,"featured_media":0,"parent":0,"menu_order":0,"comment_status":"closed","ping_status":"closed","template":"","meta":{"content-type":"","footnotes":""},"class_list":["post-5016","page","type-page","status-publish","hentry"],"_links":{"self":[{"href":"https:\/\/lnstrade.fr\/de\/wp-json\/wp\/v2\/pages\/5016","targetHints":{"allow":["GET"]}}],"collection":[{"href":"https:\/\/lnstrade.fr\/de\/wp-json\/wp\/v2\/pages"}],"about":[{"href":"https:\/\/lnstrade.fr\/de\/wp-json\/wp\/v2\/types\/page"}],"author":[{"embeddable":true,"href":"https:\/\/lnstrade.fr\/de\/wp-json\/wp\/v2\/users\/1"}],"replies":[{"embeddable":true,"href":"https:\/\/lnstrade.fr\/de\/wp-json\/wp\/v2\/comments?post=5016"}],"version-history":[{"count":4,"href":"https:\/\/lnstrade.fr\/de\/wp-json\/wp\/v2\/pages\/5016\/revisions"}],"predecessor-version":[{"id":5050,"href":"https:\/\/lnstrade.fr\/de\/wp-json\/wp\/v2\/pages\/5016\/revisions\/5050"}],"wp:attachment":[{"href":"https:\/\/lnstrade.fr\/de\/wp-json\/wp\/v2\/media?parent=5016"}],"curies":[{"name":"wp","href":"https:\/\/api.w.org\/{rel}","templated":true}]}}